{"id":14327,"date":"2020-05-26T18:40:35","date_gmt":"2020-05-26T18:40:35","guid":{"rendered":"http:\/\/www.uhk.org.tr\/tr\/?page_id=14327"},"modified":"2020-05-30T20:23:38","modified_gmt":"2020-05-30T20:23:38","slug":"duyurular","status":"publish","type":"page","link":"https:\/\/www.uhk.org.tr\/tr\/duyurular\/","title":{"rendered":"Duyurular"},"content":{"rendered":"<p>[vc_row cspt-bg-color=&#8221;white&#8221;][vc_column]<div  class=\"creativesplanet-element creativesplanet-element-blog cspt-element-blog-style-3 creativesplanet-element-viewtype-row-column cspt-sortable-no\" data-show=\"-1\" data-columns=\"3\" data-loop=\"false\" data-autoplay=\"false\" data-center=\"false\" data-nav=\"false\" data-dots=\"false\" data-autoplayspeed=\"1000\" data-margin=\"\"><div class=\"creativesplanet-element-inner\"><div class=\"cspt-ele-header-area\"><\/div><div class=\"cspt-element-posts-wrapper row multi-columns-row\"><div class=\"cspt-ele cspt-blog-ele col-md-4 duyurular\"><article class=\"creativesplanet-ele creativesplanet-ele-blog cspt-blogbox-style-3 post-14706 post type-post status-publish format-standard has-post-thumbnail hentry category-duyurular\">\n\t<div class=\"post-item\">\n\t\t<div class=\"cspt-featured-container\">\n\t\t\t<div class=\"cspt-featured-wrapper\"><a href=\"https:\/\/www.uhk.org.tr\/tr\/2023-donemi-tmo-alim-fiyatlari-aciklandi\/\"><img loading=\"lazy\" decoding=\"async\" width=\"770\" height=\"400\" src=\"https:\/\/www.uhk.org.tr\/tr\/wp-content\/uploads\/2020\/05\/boshaber-770x400.png\" class=\"attachment-cspt-img-770x500 size-cspt-img-770x500 wp-post-image\" alt=\"\" data-id=\"13968\" \/><\/a><\/div>\t\t\t<div class=\"cspt-meta-category\"><a href=\"https:\/\/www.uhk.org.tr\/tr\/category\/duyurular\/\" rel=\"category tag\">Duyurular<\/a><\/div>\t \t\t\t\n\t\t<\/div>\n\t\t<div class=\"creativesplanet-box-content\">\t\n\t\t\t<div class=\"cspt-meta-container\">\n\t\t\t\t<div class=\"cspt-meta-date-wrapper cspt-meta-line\">\t\t\t\t\t\n\t\t\t\t\t<div class=\"cspt-meta-date\"><i class=\"cspt-base-icon-clock-1\"><\/i> Haz 07, 2023<span><\/span><\/div>\t\n\t\t\t\t<\/div>\t\n\t\t\t\t\t\t\t\t\n\t\t\t\t\t\t\t<\/div>\n\t\t\t<div class=\"creativesplanet-box-desc\">\n\t\t\t\t<h3 class=\"cspt-post-title\"><a href=\"https:\/\/www.uhk.org.tr\/tr\/2023-donemi-tmo-alim-fiyatlari-aciklandi\/\">2023 D\u00f6nemi TMO Al\u0131m Fiyatlar\u0131 A\u00e7\u0131kland\u0131<\/a><\/h3>\n\t\t\t\t<div class=\"cspt-post-footer d-flex align-items-center\">\n\t\t\t\t\t<div class=\"cspt-meta-author-wrapper cspt-meta-line\">\t\t\t\t\t\n\t\t\t\t\t\t<a href=\"https:\/\/www.uhk.org.tr\/tr\/author\/admin\/\" title=\"Posted by admin\" rel=\"author\"><i class=\"cspt-base-icon-user-1\"><\/i> by admin<\/a>\n\t\t\t\t\t<\/div>\n\t\t\t\t\t<div class=\"cspt-meta-date-wrapper cspt-meta-line ml-auto\">\t\n\t\t\t\t\t\t<i class=\"cspt-base-icon-comment-empty\"><\/i> <span class=\"cspt-meta cspt-meta-comments\">0<\/span>\n\t\t\t\t\t<\/div>\n\t\t\t\t<\/div>\n\t\t\t<\/div>\n\t\t<\/div>\n\t<\/div>\n<\/article><\/div><div class=\"cspt-ele cspt-blog-ele col-md-4 duyurular\"><article class=\"creativesplanet-ele creativesplanet-ele-blog cspt-blogbox-style-3 post-14489 post type-post status-publish format-standard has-post-thumbnail hentry category-duyurular\">\n\t<div class=\"post-item\">\n\t\t<div class=\"cspt-featured-container\">\n\t\t\t<div class=\"cspt-featured-wrapper\"><a href=\"https:\/\/www.uhk.org.tr\/tr\/tmo-protein-cihazi-satisi-hakkinda\/\"><img loading=\"lazy\" decoding=\"async\" width=\"770\" height=\"500\" src=\"https:\/\/www.uhk.org.tr\/tr\/wp-content\/uploads\/2015\/05\/boshaber-770x500.jpg\" class=\"attachment-cspt-img-770x500 size-cspt-img-770x500 wp-post-image\" alt=\"\" data-id=\"14453\" \/><\/a><\/div>\t\t\t<div class=\"cspt-meta-category\"><a href=\"https:\/\/www.uhk.org.tr\/tr\/category\/duyurular\/\" rel=\"category tag\">Duyurular<\/a><\/div>\t \t\t\t\n\t\t<\/div>\n\t\t<div class=\"creativesplanet-box-content\">\t\n\t\t\t<div class=\"cspt-meta-container\">\n\t\t\t\t<div class=\"cspt-meta-date-wrapper cspt-meta-line\">\t\t\t\t\t\n\t\t\t\t\t<div class=\"cspt-meta-date\"><i class=\"cspt-base-icon-clock-1\"><\/i> May 27, 2020<span><\/span><\/div>\t\n\t\t\t\t<\/div>\t\n\t\t\t\t\t\t\t\t\n\t\t\t\t\t\t\t<\/div>\n\t\t\t<div class=\"creativesplanet-box-desc\">\n\t\t\t\t<h3 class=\"cspt-post-title\"><a href=\"https:\/\/www.uhk.org.tr\/tr\/tmo-protein-cihazi-satisi-hakkinda\/\">TMO Protein Cihaz\u0131 Sat\u0131\u015f\u0131 Hakk\u0131nda<\/a><\/h3>\n\t\t\t\t<div class=\"cspt-post-footer d-flex align-items-center\">\n\t\t\t\t\t<div class=\"cspt-meta-author-wrapper cspt-meta-line\">\t\t\t\t\t\n\t\t\t\t\t\t<a href=\"https:\/\/www.uhk.org.tr\/tr\/author\/admin\/\" title=\"Posted by admin\" rel=\"author\"><i class=\"cspt-base-icon-user-1\"><\/i> by admin<\/a>\n\t\t\t\t\t<\/div>\n\t\t\t\t\t<div class=\"cspt-meta-date-wrapper cspt-meta-line ml-auto\">\t\n\t\t\t\t\t\t<i class=\"cspt-base-icon-comment-empty\"><\/i> <span class=\"cspt-meta cspt-meta-comments\">0<\/span>\n\t\t\t\t\t<\/div>\n\t\t\t\t<\/div>\n\t\t\t<\/div>\n\t\t<\/div>\n\t<\/div>\n<\/article><\/div><div class=\"cspt-ele cspt-blog-ele col-md-4 duyurular\"><article class=\"creativesplanet-ele creativesplanet-ele-blog cspt-blogbox-style-3 post-14243 post type-post status-publish format-standard has-post-thumbnail hentry category-duyurular\">\n\t<div class=\"post-item\">\n\t\t<div class=\"cspt-featured-container\">\n\t\t\t<div class=\"cspt-featured-wrapper\"><a href=\"https:\/\/www.uhk.org.tr\/tr\/tmo-taahhutname-karsiligi-misir-alimlarina-basliyor\/\"><img loading=\"lazy\" decoding=\"async\" width=\"770\" height=\"500\" src=\"https:\/\/www.uhk.org.tr\/tr\/wp-content\/uploads\/2015\/05\/boshaber-770x500.jpg\" class=\"attachment-cspt-img-770x500 size-cspt-img-770x500 wp-post-image\" alt=\"\" data-id=\"14453\" \/><\/a><\/div>\t\t\t<div class=\"cspt-meta-category\"><a href=\"https:\/\/www.uhk.org.tr\/tr\/category\/duyurular\/\" rel=\"category tag\">Duyurular<\/a><\/div>\t \t\t\t\n\t\t<\/div>\n\t\t<div class=\"creativesplanet-box-content\">\t\n\t\t\t<div class=\"cspt-meta-container\">\n\t\t\t\t<div class=\"cspt-meta-date-wrapper cspt-meta-line\">\t\t\t\t\t\n\t\t\t\t\t<div class=\"cspt-meta-date\"><i class=\"cspt-base-icon-clock-1\"><\/i> May 26, 2015<span><\/span><\/div>\t\n\t\t\t\t<\/div>\t\n\t\t\t\t\t\t\t\t\n\t\t\t\t\t\t\t<\/div>\n\t\t\t<div class=\"creativesplanet-box-desc\">\n\t\t\t\t<h3 class=\"cspt-post-title\"><a href=\"https:\/\/www.uhk.org.tr\/tr\/tmo-taahhutname-karsiligi-misir-alimlarina-basliyor\/\">TMO, Taahh\u00fctname Kar\u015f\u0131l\u0131\u011f\u0131 M\u0131s\u0131r Al\u0131mlar\u0131na Ba\u015fl\u0131yor<\/a><\/h3>\n\t\t\t\t<div class=\"cspt-post-footer d-flex align-items-center\">\n\t\t\t\t\t<div class=\"cspt-meta-author-wrapper cspt-meta-line\">\t\t\t\t\t\n\t\t\t\t\t\t<a href=\"https:\/\/www.uhk.org.tr\/tr\/author\/admin\/\" title=\"Posted by admin\" rel=\"author\"><i class=\"cspt-base-icon-user-1\"><\/i> by admin<\/a>\n\t\t\t\t\t<\/div>\n\t\t\t\t\t<div class=\"cspt-meta-date-wrapper cspt-meta-line ml-auto\">\t\n\t\t\t\t\t\t<i class=\"cspt-base-icon-comment-empty\"><\/i> <span class=\"cspt-meta cspt-meta-comments\">0<\/span>\n\t\t\t\t\t<\/div>\n\t\t\t\t<\/div>\n\t\t\t<\/div>\n\t\t<\/div>\n\t<\/div>\n<\/article><\/div><div class=\"cspt-ele cspt-blog-ele col-md-4 duyurular\"><article class=\"creativesplanet-ele creativesplanet-ele-blog cspt-blogbox-style-3 post-14241 post type-post status-publish format-standard has-post-thumbnail hentry category-duyurular\">\n\t<div class=\"post-item\">\n\t\t<div class=\"cspt-featured-container\">\n\t\t\t<div class=\"cspt-featured-wrapper\"><a href=\"https:\/\/www.uhk.org.tr\/tr\/tarimda-41-makine-ve-ekipmana-50-hibe-destegi\/\"><img loading=\"lazy\" decoding=\"async\" width=\"770\" height=\"500\" src=\"https:\/\/www.uhk.org.tr\/tr\/wp-content\/uploads\/2015\/05\/boshaber-770x500.jpg\" class=\"attachment-cspt-img-770x500 size-cspt-img-770x500 wp-post-image\" alt=\"\" data-id=\"14453\" \/><\/a><\/div>\t\t\t<div class=\"cspt-meta-category\"><a href=\"https:\/\/www.uhk.org.tr\/tr\/category\/duyurular\/\" rel=\"category tag\">Duyurular<\/a><\/div>\t \t\t\t\n\t\t<\/div>\n\t\t<div class=\"creativesplanet-box-content\">\t\n\t\t\t<div class=\"cspt-meta-container\">\n\t\t\t\t<div class=\"cspt-meta-date-wrapper cspt-meta-line\">\t\t\t\t\t\n\t\t\t\t\t<div class=\"cspt-meta-date\"><i class=\"cspt-base-icon-clock-1\"><\/i> May 26, 2015<span><\/span><\/div>\t\n\t\t\t\t<\/div>\t\n\t\t\t\t\t\t\t\t\n\t\t\t\t\t\t\t<\/div>\n\t\t\t<div class=\"creativesplanet-box-desc\">\n\t\t\t\t<h3 class=\"cspt-post-title\"><a href=\"https:\/\/www.uhk.org.tr\/tr\/tarimda-41-makine-ve-ekipmana-50-hibe-destegi\/\">Tar\u0131mda 41 Makine ve Ekipmana % 50 Hibe Deste\u011fi<\/a><\/h3>\n\t\t\t\t<div class=\"cspt-post-footer d-flex align-items-center\">\n\t\t\t\t\t<div class=\"cspt-meta-author-wrapper cspt-meta-line\">\t\t\t\t\t\n\t\t\t\t\t\t<a href=\"https:\/\/www.uhk.org.tr\/tr\/author\/admin\/\" title=\"Posted by admin\" rel=\"author\"><i class=\"cspt-base-icon-user-1\"><\/i> by admin<\/a>\n\t\t\t\t\t<\/div>\n\t\t\t\t\t<div class=\"cspt-meta-date-wrapper cspt-meta-line ml-auto\">\t\n\t\t\t\t\t\t<i class=\"cspt-base-icon-comment-empty\"><\/i> <span class=\"cspt-meta cspt-meta-comments\">0<\/span>\n\t\t\t\t\t<\/div>\n\t\t\t\t<\/div>\n\t\t\t<\/div>\n\t\t<\/div>\n\t<\/div>\n<\/article><\/div><div class=\"cspt-ele cspt-blog-ele col-md-4 duyurular\"><article class=\"creativesplanet-ele creativesplanet-ele-blog cspt-blogbox-style-3 post-14238 post type-post status-publish format-standard has-post-thumbnail hentry category-duyurular\">\n\t<div class=\"post-item\">\n\t\t<div class=\"cspt-featured-container\">\n\t\t\t<div class=\"cspt-featured-wrapper\"><a href=\"https:\/\/www.uhk.org.tr\/tr\/tmo-bugday-arpa-misir-ve-cavdar-satislarina-devam-etmektedir\/\"><img loading=\"lazy\" decoding=\"async\" width=\"770\" height=\"500\" src=\"https:\/\/www.uhk.org.tr\/tr\/wp-content\/uploads\/2015\/05\/boshaber-770x500.jpg\" class=\"attachment-cspt-img-770x500 size-cspt-img-770x500 wp-post-image\" alt=\"\" data-id=\"14453\" \/><\/a><\/div>\t\t\t<div class=\"cspt-meta-category\"><a href=\"https:\/\/www.uhk.org.tr\/tr\/category\/duyurular\/\" rel=\"category tag\">Duyurular<\/a><\/div>\t \t\t\t\n\t\t<\/div>\n\t\t<div class=\"creativesplanet-box-content\">\t\n\t\t\t<div class=\"cspt-meta-container\">\n\t\t\t\t<div class=\"cspt-meta-date-wrapper cspt-meta-line\">\t\t\t\t\t\n\t\t\t\t\t<div class=\"cspt-meta-date\"><i class=\"cspt-base-icon-clock-1\"><\/i> May 26, 2015<span><\/span><\/div>\t\n\t\t\t\t<\/div>\t\n\t\t\t\t\t\t\t\t\n\t\t\t\t\t\t\t<\/div>\n\t\t\t<div class=\"creativesplanet-box-desc\">\n\t\t\t\t<h3 class=\"cspt-post-title\"><a href=\"https:\/\/www.uhk.org.tr\/tr\/tmo-bugday-arpa-misir-ve-cavdar-satislarina-devam-etmektedir\/\">Tmo Bu\u011fday, Arpa, M\u0131s\u0131r Ve \u00c7avdar Sat\u0131\u015flar\u0131na Devam Etmektedir<\/a><\/h3>\n\t\t\t\t<div class=\"cspt-post-footer d-flex align-items-center\">\n\t\t\t\t\t<div class=\"cspt-meta-author-wrapper cspt-meta-line\">\t\t\t\t\t\n\t\t\t\t\t\t<a href=\"https:\/\/www.uhk.org.tr\/tr\/author\/admin\/\" title=\"Posted by admin\" rel=\"author\"><i class=\"cspt-base-icon-user-1\"><\/i> by admin<\/a>\n\t\t\t\t\t<\/div>\n\t\t\t\t\t<div class=\"cspt-meta-date-wrapper cspt-meta-line ml-auto\">\t\n\t\t\t\t\t\t<i class=\"cspt-base-icon-comment-empty\"><\/i> <span class=\"cspt-meta cspt-meta-comments\">0<\/span>\n\t\t\t\t\t<\/div>\n\t\t\t\t<\/div>\n\t\t\t<\/div>\n\t\t<\/div>\n\t<\/div>\n<\/article><\/div><div class=\"cspt-ele cspt-blog-ele col-md-4 duyurular\"><article class=\"creativesplanet-ele creativesplanet-ele-blog cspt-blogbox-style-3 post-14236 post type-post status-publish format-standard has-post-thumbnail hentry category-duyurular\">\n\t<div class=\"post-item\">\n\t\t<div class=\"cspt-featured-container\">\n\t\t\t<div class=\"cspt-featured-wrapper\"><a href=\"https:\/\/www.uhk.org.tr\/tr\/pirinc-degirmencilerine-yonelik-celtik-satisina-baslanmistir\/\"><img loading=\"lazy\" decoding=\"async\" width=\"770\" height=\"500\" src=\"https:\/\/www.uhk.org.tr\/tr\/wp-content\/uploads\/2015\/05\/boshaber-770x500.jpg\" class=\"attachment-cspt-img-770x500 size-cspt-img-770x500 wp-post-image\" alt=\"\" data-id=\"14453\" \/><\/a><\/div>\t\t\t<div class=\"cspt-meta-category\"><a href=\"https:\/\/www.uhk.org.tr\/tr\/category\/duyurular\/\" rel=\"category tag\">Duyurular<\/a><\/div>\t \t\t\t\n\t\t<\/div>\n\t\t<div class=\"creativesplanet-box-content\">\t\n\t\t\t<div class=\"cspt-meta-container\">\n\t\t\t\t<div class=\"cspt-meta-date-wrapper cspt-meta-line\">\t\t\t\t\t\n\t\t\t\t\t<div class=\"cspt-meta-date\"><i class=\"cspt-base-icon-clock-1\"><\/i> May 26, 2015<span><\/span><\/div>\t\n\t\t\t\t<\/div>\t\n\t\t\t\t\t\t\t\t\n\t\t\t\t\t\t\t<\/div>\n\t\t\t<div class=\"creativesplanet-box-desc\">\n\t\t\t\t<h3 class=\"cspt-post-title\"><a href=\"https:\/\/www.uhk.org.tr\/tr\/pirinc-degirmencilerine-yonelik-celtik-satisina-baslanmistir\/\">Pirin\u00e7 De\u011firmencilerine Y\u00f6nelik \u00c7eltik Sat\u0131\u015f\u0131na Ba\u015flanm\u0131\u015ft\u0131r<\/a><\/h3>\n\t\t\t\t<div class=\"cspt-post-footer d-flex align-items-center\">\n\t\t\t\t\t<div class=\"cspt-meta-author-wrapper cspt-meta-line\">\t\t\t\t\t\n\t\t\t\t\t\t<a href=\"https:\/\/www.uhk.org.tr\/tr\/author\/admin\/\" title=\"Posted by admin\" rel=\"author\"><i class=\"cspt-base-icon-user-1\"><\/i> by admin<\/a>\n\t\t\t\t\t<\/div>\n\t\t\t\t\t<div class=\"cspt-meta-date-wrapper cspt-meta-line ml-auto\">\t\n\t\t\t\t\t\t<i class=\"cspt-base-icon-comment-empty\"><\/i> <span class=\"cspt-meta cspt-meta-comments\">0<\/span>\n\t\t\t\t\t<\/div>\n\t\t\t\t<\/div>\n\t\t\t<\/div>\n\t\t<\/div>\n\t<\/div>\n<\/article><\/div><div class=\"cspt-ele cspt-blog-ele col-md-4 duyurular\"><article class=\"creativesplanet-ele creativesplanet-ele-blog cspt-blogbox-style-3 post-14233 post type-post status-publish format-standard has-post-thumbnail hentry category-duyurular\">\n\t<div class=\"post-item\">\n\t\t<div class=\"cspt-featured-container\">\n\t\t\t<div class=\"cspt-featured-wrapper\"><a href=\"https:\/\/www.uhk.org.tr\/tr\/tmo-misir-stoklarini-90-gun-vadeli-ve-vade-farksiz-olarak-satisa-acti\/\"><img loading=\"lazy\" decoding=\"async\" width=\"770\" height=\"500\" src=\"https:\/\/www.uhk.org.tr\/tr\/wp-content\/uploads\/2015\/05\/boshaber-770x500.jpg\" class=\"attachment-cspt-img-770x500 size-cspt-img-770x500 wp-post-image\" alt=\"\" data-id=\"14453\" \/><\/a><\/div>\t\t\t<div class=\"cspt-meta-category\"><a href=\"https:\/\/www.uhk.org.tr\/tr\/category\/duyurular\/\" rel=\"category tag\">Duyurular<\/a><\/div>\t \t\t\t\n\t\t<\/div>\n\t\t<div class=\"creativesplanet-box-content\">\t\n\t\t\t<div class=\"cspt-meta-container\">\n\t\t\t\t<div class=\"cspt-meta-date-wrapper cspt-meta-line\">\t\t\t\t\t\n\t\t\t\t\t<div class=\"cspt-meta-date\"><i class=\"cspt-base-icon-clock-1\"><\/i> May 26, 2015<span><\/span><\/div>\t\n\t\t\t\t<\/div>\t\n\t\t\t\t\t\t\t\t\n\t\t\t\t\t\t\t<\/div>\n\t\t\t<div class=\"creativesplanet-box-desc\">\n\t\t\t\t<h3 class=\"cspt-post-title\"><a href=\"https:\/\/www.uhk.org.tr\/tr\/tmo-misir-stoklarini-90-gun-vadeli-ve-vade-farksiz-olarak-satisa-acti\/\">Tmo, M\u0131s\u0131r Stoklar\u0131n\u0131 90 G\u00fcn Vadeli Ve Vade Farks\u0131z Olarak Sat\u0131\u015fa A\u00e7t\u0131<\/a><\/h3>\n\t\t\t\t<div class=\"cspt-post-footer d-flex align-items-center\">\n\t\t\t\t\t<div class=\"cspt-meta-author-wrapper cspt-meta-line\">\t\t\t\t\t\n\t\t\t\t\t\t<a href=\"https:\/\/www.uhk.org.tr\/tr\/author\/admin\/\" title=\"Posted by admin\" rel=\"author\"><i class=\"cspt-base-icon-user-1\"><\/i> by admin<\/a>\n\t\t\t\t\t<\/div>\n\t\t\t\t\t<div class=\"cspt-meta-date-wrapper cspt-meta-line ml-auto\">\t\n\t\t\t\t\t\t<i class=\"cspt-base-icon-comment-empty\"><\/i> <span class=\"cspt-meta cspt-meta-comments\">0<\/span>\n\t\t\t\t\t<\/div>\n\t\t\t\t<\/div>\n\t\t\t<\/div>\n\t\t<\/div>\n\t<\/div>\n<\/article><\/div><div class=\"cspt-ele cspt-blog-ele col-md-4 duyurular\"><article class=\"creativesplanet-ele creativesplanet-ele-blog cspt-blogbox-style-3 post-14231 post type-post status-publish format-standard has-post-thumbnail hentry category-duyurular\">\n\t<div class=\"post-item\">\n\t\t<div class=\"cspt-featured-container\">\n\t\t\t<div class=\"cspt-featured-wrapper\"><a href=\"https:\/\/www.uhk.org.tr\/tr\/tmo-bugday-arpa-ve-cavdar-satisi-yapacaktir\/\"><img loading=\"lazy\" decoding=\"async\" width=\"770\" height=\"500\" src=\"https:\/\/www.uhk.org.tr\/tr\/wp-content\/uploads\/2015\/05\/boshaber-770x500.jpg\" class=\"attachment-cspt-img-770x500 size-cspt-img-770x500 wp-post-image\" alt=\"\" data-id=\"14453\" \/><\/a><\/div>\t\t\t<div class=\"cspt-meta-category\"><a href=\"https:\/\/www.uhk.org.tr\/tr\/category\/duyurular\/\" rel=\"category tag\">Duyurular<\/a><\/div>\t \t\t\t\n\t\t<\/div>\n\t\t<div class=\"creativesplanet-box-content\">\t\n\t\t\t<div class=\"cspt-meta-container\">\n\t\t\t\t<div class=\"cspt-meta-date-wrapper cspt-meta-line\">\t\t\t\t\t\n\t\t\t\t\t<div class=\"cspt-meta-date\"><i class=\"cspt-base-icon-clock-1\"><\/i> May 26, 2015<span><\/span><\/div>\t\n\t\t\t\t<\/div>\t\n\t\t\t\t\t\t\t\t\n\t\t\t\t\t\t\t<\/div>\n\t\t\t<div class=\"creativesplanet-box-desc\">\n\t\t\t\t<h3 class=\"cspt-post-title\"><a href=\"https:\/\/www.uhk.org.tr\/tr\/tmo-bugday-arpa-ve-cavdar-satisi-yapacaktir\/\">TMO Bu\u011fday, Arpa ve \u00c7avdar Sat\u0131\u015f\u0131 Yapacakt\u0131r<\/a><\/h3>\n\t\t\t\t<div class=\"cspt-post-footer d-flex align-items-center\">\n\t\t\t\t\t<div class=\"cspt-meta-author-wrapper cspt-meta-line\">\t\t\t\t\t\n\t\t\t\t\t\t<a href=\"https:\/\/www.uhk.org.tr\/tr\/author\/admin\/\" title=\"Posted by admin\" rel=\"author\"><i class=\"cspt-base-icon-user-1\"><\/i> by admin<\/a>\n\t\t\t\t\t<\/div>\n\t\t\t\t\t<div class=\"cspt-meta-date-wrapper cspt-meta-line ml-auto\">\t\n\t\t\t\t\t\t<i class=\"cspt-base-icon-comment-empty\"><\/i> <span class=\"cspt-meta cspt-meta-comments\">0<\/span>\n\t\t\t\t\t<\/div>\n\t\t\t\t<\/div>\n\t\t\t<\/div>\n\t\t<\/div>\n\t<\/div>\n<\/article><\/div><div class=\"cspt-ele cspt-blog-ele col-md-4 duyurular\"><article class=\"creativesplanet-ele creativesplanet-ele-blog cspt-blogbox-style-3 post-14229 post type-post status-publish format-standard has-post-thumbnail hentry category-duyurular\">\n\t<div class=\"post-item\">\n\t\t<div class=\"cspt-featured-container\">\n\t\t\t<div class=\"cspt-featured-wrapper\"><a href=\"https:\/\/www.uhk.org.tr\/tr\/tmo-bugday-arpa-ve-cavdar-satisi\/\"><img loading=\"lazy\" decoding=\"async\" width=\"770\" height=\"500\" src=\"https:\/\/www.uhk.org.tr\/tr\/wp-content\/uploads\/2015\/05\/boshaber-770x500.jpg\" class=\"attachment-cspt-img-770x500 size-cspt-img-770x500 wp-post-image\" alt=\"\" data-id=\"14453\" \/><\/a><\/div>\t\t\t<div class=\"cspt-meta-category\"><a href=\"https:\/\/www.uhk.org.tr\/tr\/category\/duyurular\/\" rel=\"category tag\">Duyurular<\/a><\/div>\t \t\t\t\n\t\t<\/div>\n\t\t<div class=\"creativesplanet-box-content\">\t\n\t\t\t<div class=\"cspt-meta-container\">\n\t\t\t\t<div class=\"cspt-meta-date-wrapper cspt-meta-line\">\t\t\t\t\t\n\t\t\t\t\t<div class=\"cspt-meta-date\"><i class=\"cspt-base-icon-clock-1\"><\/i> May 26, 2015<span><\/span><\/div>\t\n\t\t\t\t<\/div>\t\n\t\t\t\t\t\t\t\t\n\t\t\t\t\t\t\t<\/div>\n\t\t\t<div class=\"creativesplanet-box-desc\">\n\t\t\t\t<h3 class=\"cspt-post-title\"><a href=\"https:\/\/www.uhk.org.tr\/tr\/tmo-bugday-arpa-ve-cavdar-satisi\/\">TMO Bu\u011fday, Arpa ve \u00c7avdar Sat\u0131\u015f\u0131<\/a><\/h3>\n\t\t\t\t<div class=\"cspt-post-footer d-flex align-items-center\">\n\t\t\t\t\t<div class=\"cspt-meta-author-wrapper cspt-meta-line\">\t\t\t\t\t\n\t\t\t\t\t\t<a href=\"https:\/\/www.uhk.org.tr\/tr\/author\/admin\/\" title=\"Posted by admin\" rel=\"author\"><i class=\"cspt-base-icon-user-1\"><\/i> by admin<\/a>\n\t\t\t\t\t<\/div>\n\t\t\t\t\t<div class=\"cspt-meta-date-wrapper cspt-meta-line ml-auto\">\t\n\t\t\t\t\t\t<i class=\"cspt-base-icon-comment-empty\"><\/i> <span class=\"cspt-meta cspt-meta-comments\">0<\/span>\n\t\t\t\t\t<\/div>\n\t\t\t\t<\/div>\n\t\t\t<\/div>\n\t\t<\/div>\n\t<\/div>\n<\/article><\/div><div class=\"cspt-ele cspt-blog-ele col-md-4 duyurular\"><article class=\"creativesplanet-ele creativesplanet-ele-blog cspt-blogbox-style-3 post-14227 post type-post status-publish format-standard has-post-thumbnail hentry category-duyurular\">\n\t<div class=\"post-item\">\n\t\t<div class=\"cspt-featured-container\">\n\t\t\t<div class=\"cspt-featured-wrapper\"><a href=\"https:\/\/www.uhk.org.tr\/tr\/tmo-piyasalarin-istikrari-icin-bugday-satisina-devam-ediyor\/\"><img loading=\"lazy\" decoding=\"async\" width=\"770\" height=\"500\" src=\"https:\/\/www.uhk.org.tr\/tr\/wp-content\/uploads\/2015\/05\/boshaber-770x500.jpg\" class=\"attachment-cspt-img-770x500 size-cspt-img-770x500 wp-post-image\" alt=\"\" data-id=\"14453\" \/><\/a><\/div>\t\t\t<div class=\"cspt-meta-category\"><a href=\"https:\/\/www.uhk.org.tr\/tr\/category\/duyurular\/\" rel=\"category tag\">Duyurular<\/a><\/div>\t \t\t\t\n\t\t<\/div>\n\t\t<div class=\"creativesplanet-box-content\">\t\n\t\t\t<div class=\"cspt-meta-container\">\n\t\t\t\t<div class=\"cspt-meta-date-wrapper cspt-meta-line\">\t\t\t\t\t\n\t\t\t\t\t<div class=\"cspt-meta-date\"><i class=\"cspt-base-icon-clock-1\"><\/i> May 26, 0215<span><\/span><\/div>\t\n\t\t\t\t<\/div>\t\n\t\t\t\t\t\t\t\t\n\t\t\t\t\t\t\t<\/div>\n\t\t\t<div class=\"creativesplanet-box-desc\">\n\t\t\t\t<h3 class=\"cspt-post-title\"><a href=\"https:\/\/www.uhk.org.tr\/tr\/tmo-piyasalarin-istikrari-icin-bugday-satisina-devam-ediyor\/\">Tmo, Piyasalar\u0131n \u0130stikrar\u0131 \u0130\u00e7in Bu\u011fday Sat\u0131\u015f\u0131na Devam Ediyor<\/a><\/h3>\n\t\t\t\t<div class=\"cspt-post-footer d-flex align-items-center\">\n\t\t\t\t\t<div class=\"cspt-meta-author-wrapper cspt-meta-line\">\t\t\t\t\t\n\t\t\t\t\t\t<a href=\"https:\/\/www.uhk.org.tr\/tr\/author\/admin\/\" title=\"Posted by admin\" rel=\"author\"><i class=\"cspt-base-icon-user-1\"><\/i> by admin<\/a>\n\t\t\t\t\t<\/div>\n\t\t\t\t\t<div class=\"cspt-meta-date-wrapper cspt-meta-line ml-auto\">\t\n\t\t\t\t\t\t<i class=\"cspt-base-icon-comment-empty\"><\/i> <span class=\"cspt-meta cspt-meta-comments\">0<\/span>\n\t\t\t\t\t<\/div>\n\t\t\t\t<\/div>\n\t\t\t<\/div>\n\t\t<\/div>\n\t<\/div>\n<\/article><\/div><\/div><\/div><!-- .creativesplanet-element-inner -->   <\/div><!-- .creativesplanet-element -->  [\/vc_column][\/vc_row]<\/p>\n","protected":false},"excerpt":{"rendered":"<p>[vc_row cspt-bg-color=&#8221;white&#8221;][vc_column][\/vc_column][\/vc_row]<\/p>\n","protected":false},"author":1,"featured_media":0,"parent":0,"menu_order":0,"comment_status":"closed","ping_status":"closed","template":"","meta":{"_acf_changed":false,"footnotes":""},"class_list":["post-14327","page","type-page","status-publish","hentry"],"acf":[],"_links":{"self":[{"href":"https:\/\/www.uhk.org.tr\/tr\/wp-json\/wp\/v2\/pages\/14327","targetHints":{"allow":["GET"]}}],"collection":[{"href":"https:\/\/www.uhk.org.tr\/tr\/wp-json\/wp\/v2\/pages"}],"about":[{"href":"https:\/\/www.uhk.org.tr\/tr\/wp-json\/wp\/v2\/types\/page"}],"author":[{"embeddable":true,"href":"https:\/\/www.uhk.org.tr\/tr\/wp-json\/wp\/v2\/users\/1"}],"replies":[{"embeddable":true,"href":"https:\/\/www.uhk.org.tr\/tr\/wp-json\/wp\/v2\/comments?post=14327"}],"version-history":[{"count":5,"href":"https:\/\/www.uhk.org.tr\/tr\/wp-json\/wp\/v2\/pages\/14327\/revisions"}],"predecessor-version":[{"id":14463,"href":"https:\/\/www.uhk.org.tr\/tr\/wp-json\/wp\/v2\/pages\/14327\/revisions\/14463"}],"wp:attachment":[{"href":"https:\/\/www.uhk.org.tr\/tr\/wp-json\/wp\/v2\/media?parent=14327"}],"curies":[{"name":"wp","href":"https:\/\/api.w.org\/{rel}","templated":true}]}}