{"id":14066,"date":"2020-05-25T18:48:33","date_gmt":"2020-05-25T18:48:33","guid":{"rendered":"http:\/\/www.uhk.org.tr\/tr\/?page_id=14066"},"modified":"2020-05-25T18:48:33","modified_gmt":"2020-05-25T18:48:33","slug":"arastirma-ve-danisma-kurulu","status":"publish","type":"page","link":"https:\/\/www.uhk.org.tr\/tr\/arastirma-ve-danisma-kurulu\/","title":{"rendered":"Ara\u015ft\u0131rma ve Dan\u0131\u015fma Kurulu"},"content":{"rendered":"<p>[vc_row cspt-bg-color=&#8221;white&#8221;][vc_column]<div  class=\"creativesplanet-element creativesplanet-element-team cspt-element-team-style-1 creativesplanet-element-viewtype-row-column cspt-sortable-no\" data-show=\"-1\" data-columns=\"3\" data-loop=\"false\" data-autoplay=\"false\" data-center=\"false\" data-nav=\"false\" data-dots=\"false\" data-autoplayspeed=\"1000\" data-margin=\"\"><div class=\"creativesplanet-element-inner\"><div class=\"cspt-element-posts-wrapper row multi-columns-row\"><div class=\"cspt-ele cspt-team-ele col-md-4 \"><article class=\"creativesplanet-ele creativesplanet-ele-team cspt-team-style-1\">\n\t<div class=\"creativesplanet-post-item\">\n\t\t<div class=\"creativesplanet-team-image-box\">\n\t\t\t<div class=\"cspt-featured-wrapper\"><a href=\"https:\/\/www.uhk.org.tr\/tr\/team-member\/celil-calis\/\"><img loading=\"lazy\" decoding=\"async\" width=\"500\" height=\"500\" src=\"https:\/\/www.uhk.org.tr\/tr\/wp-content\/uploads\/2020\/05\/bos.jpg\" class=\"attachment-cspt-img-500x580 size-cspt-img-500x580 wp-post-image\" alt=\"\" srcset=\"https:\/\/www.uhk.org.tr\/tr\/wp-content\/uploads\/2020\/05\/bos.jpg 500w, https:\/\/www.uhk.org.tr\/tr\/wp-content\/uploads\/2020\/05\/bos-150x150.jpg 150w, https:\/\/www.uhk.org.tr\/tr\/wp-content\/uploads\/2020\/05\/bos-300x300.jpg 300w\" sizes=\"auto, (max-width: 500px) 100vw, 500px\" data-id=\"14028\" \/><\/a><\/div>\t\t<\/div>\n\t\t<div class=\"creativesplanet-box-content\">\n\t\t\t<div class=\"creativesplanet-box-content-inner\">\t\t\t\t\n\t\t\t\t<div class=\"creativesplanet-box-team-position\">\n\t\t\t\t\t\t\t<div class=\"creativesplanet-box-team-position\">Ara\u015ft\u0131rma ve Dan\u0131\u015fma Kurulu<\/div>\n\t\t\t\t\t\t<\/div>\n\t\t\t\t<h3 class=\"cspt-team-title\"><a href=\"https:\/\/www.uhk.org.tr\/tr\/team-member\/celil-calis\/\">Celil \u00c7al\u0131\u015f<\/a><\/h3>\n\t\t\t<\/div>\n\t\t\t<div class=\"creativesplanet-box-social-links\"><ul class=\"cspt-social-links cspt-team-social-links\"><li class=\"cspt-social-li cspt-social-twitter\"><a href=\"https:\/\/twitter.com\/UHKonseyi\" title=\"Twitter\" target=\"_blank\"><span><i class=\"cspt-base-icon-twitter\"><\/i><\/span><\/a><\/li><\/ul><\/div>\n\t\t<\/div>\n\t<\/div>\n<\/article><\/div><div class=\"cspt-ele cspt-team-ele col-md-4 \"><article class=\"creativesplanet-ele creativesplanet-ele-team cspt-team-style-1\">\n\t<div class=\"creativesplanet-post-item\">\n\t\t<div class=\"creativesplanet-team-image-box\">\n\t\t\t<div class=\"cspt-featured-wrapper\"><a href=\"https:\/\/www.uhk.org.tr\/tr\/team-member\/ezgi-coban\/\"><img loading=\"lazy\" decoding=\"async\" width=\"500\" height=\"500\" src=\"https:\/\/www.uhk.org.tr\/tr\/wp-content\/uploads\/2020\/05\/bos.jpg\" class=\"attachment-cspt-img-500x580 size-cspt-img-500x580 wp-post-image\" alt=\"\" srcset=\"https:\/\/www.uhk.org.tr\/tr\/wp-content\/uploads\/2020\/05\/bos.jpg 500w, https:\/\/www.uhk.org.tr\/tr\/wp-content\/uploads\/2020\/05\/bos-150x150.jpg 150w, https:\/\/www.uhk.org.tr\/tr\/wp-content\/uploads\/2020\/05\/bos-300x300.jpg 300w\" sizes=\"auto, (max-width: 500px) 100vw, 500px\" data-id=\"14028\" \/><\/a><\/div>\t\t<\/div>\n\t\t<div class=\"creativesplanet-box-content\">\n\t\t\t<div class=\"creativesplanet-box-content-inner\">\t\t\t\t\n\t\t\t\t<div class=\"creativesplanet-box-team-position\">\n\t\t\t\t\t\t\t<div class=\"creativesplanet-box-team-position\">Ara\u015ft\u0131rma ve Dan\u0131\u015fma Kurulu<\/div>\n\t\t\t\t\t\t<\/div>\n\t\t\t\t<h3 class=\"cspt-team-title\"><a href=\"https:\/\/www.uhk.org.tr\/tr\/team-member\/ezgi-coban\/\">Ezgi \u00c7oban<\/a><\/h3>\n\t\t\t<\/div>\n\t\t\t<div class=\"creativesplanet-box-social-links\"><ul class=\"cspt-social-links cspt-team-social-links\"><li class=\"cspt-social-li cspt-social-twitter\"><a href=\"https:\/\/twitter.com\/UHKonseyi\" title=\"Twitter\" target=\"_blank\"><span><i class=\"cspt-base-icon-twitter\"><\/i><\/span><\/a><\/li><\/ul><\/div>\n\t\t<\/div>\n\t<\/div>\n<\/article><\/div><div class=\"cspt-ele cspt-team-ele col-md-4 \"><article class=\"creativesplanet-ele creativesplanet-ele-team cspt-team-style-1\">\n\t<div class=\"creativesplanet-post-item\">\n\t\t<div class=\"creativesplanet-team-image-box\">\n\t\t\t<div class=\"cspt-featured-wrapper\"><a href=\"https:\/\/www.uhk.org.tr\/tr\/team-member\/ilknur-becek\/\"><img loading=\"lazy\" decoding=\"async\" width=\"500\" height=\"500\" src=\"https:\/\/www.uhk.org.tr\/tr\/wp-content\/uploads\/2020\/05\/bos.jpg\" class=\"attachment-cspt-img-500x580 size-cspt-img-500x580 wp-post-image\" alt=\"\" srcset=\"https:\/\/www.uhk.org.tr\/tr\/wp-content\/uploads\/2020\/05\/bos.jpg 500w, https:\/\/www.uhk.org.tr\/tr\/wp-content\/uploads\/2020\/05\/bos-150x150.jpg 150w, https:\/\/www.uhk.org.tr\/tr\/wp-content\/uploads\/2020\/05\/bos-300x300.jpg 300w\" sizes=\"auto, (max-width: 500px) 100vw, 500px\" data-id=\"14028\" \/><\/a><\/div>\t\t<\/div>\n\t\t<div class=\"creativesplanet-box-content\">\n\t\t\t<div class=\"creativesplanet-box-content-inner\">\t\t\t\t\n\t\t\t\t<div class=\"creativesplanet-box-team-position\">\n\t\t\t\t\t\t\t<div class=\"creativesplanet-box-team-position\">Ara\u015ft\u0131rma ve Dan\u0131\u015fma Kurulu<\/div>\n\t\t\t\t\t\t<\/div>\n\t\t\t\t<h3 class=\"cspt-team-title\"><a href=\"https:\/\/www.uhk.org.tr\/tr\/team-member\/ilknur-becek\/\">\u0130lknur Becek<\/a><\/h3>\n\t\t\t<\/div>\n\t\t\t<div class=\"creativesplanet-box-social-links\"><ul class=\"cspt-social-links cspt-team-social-links\"><li class=\"cspt-social-li cspt-social-twitter\"><a href=\"https:\/\/twitter.com\/UHKonseyi\" title=\"Twitter\" target=\"_blank\"><span><i class=\"cspt-base-icon-twitter\"><\/i><\/span><\/a><\/li><\/ul><\/div>\n\t\t<\/div>\n\t<\/div>\n<\/article><\/div><div class=\"cspt-ele cspt-team-ele col-md-4 \"><article class=\"creativesplanet-ele creativesplanet-ele-team cspt-team-style-1\">\n\t<div class=\"creativesplanet-post-item\">\n\t\t<div class=\"creativesplanet-team-image-box\">\n\t\t\t<div class=\"cspt-featured-wrapper\"><a href=\"https:\/\/www.uhk.org.tr\/tr\/team-member\/imran-er\/\"><img loading=\"lazy\" decoding=\"async\" width=\"500\" height=\"500\" src=\"https:\/\/www.uhk.org.tr\/tr\/wp-content\/uploads\/2020\/05\/bos.jpg\" class=\"attachment-cspt-img-500x580 size-cspt-img-500x580 wp-post-image\" alt=\"\" srcset=\"https:\/\/www.uhk.org.tr\/tr\/wp-content\/uploads\/2020\/05\/bos.jpg 500w, https:\/\/www.uhk.org.tr\/tr\/wp-content\/uploads\/2020\/05\/bos-150x150.jpg 150w, https:\/\/www.uhk.org.tr\/tr\/wp-content\/uploads\/2020\/05\/bos-300x300.jpg 300w\" sizes=\"auto, (max-width: 500px) 100vw, 500px\" data-id=\"14028\" \/><\/a><\/div>\t\t<\/div>\n\t\t<div class=\"creativesplanet-box-content\">\n\t\t\t<div class=\"creativesplanet-box-content-inner\">\t\t\t\t\n\t\t\t\t<div class=\"creativesplanet-box-team-position\">\n\t\t\t\t\t\t\t<div class=\"creativesplanet-box-team-position\">Ara\u015ft\u0131rma ve Dan\u0131\u015fma Kurulu<\/div>\n\t\t\t\t\t\t<\/div>\n\t\t\t\t<h3 class=\"cspt-team-title\"><a href=\"https:\/\/www.uhk.org.tr\/tr\/team-member\/imran-er\/\">\u0130mran Er<\/a><\/h3>\n\t\t\t<\/div>\n\t\t\t<div class=\"creativesplanet-box-social-links\"><ul class=\"cspt-social-links cspt-team-social-links\"><li class=\"cspt-social-li cspt-social-twitter\"><a href=\"https:\/\/twitter.com\/UHKonseyi\" title=\"Twitter\" target=\"_blank\"><span><i class=\"cspt-base-icon-twitter\"><\/i><\/span><\/a><\/li><\/ul><\/div>\n\t\t<\/div>\n\t<\/div>\n<\/article><\/div><div class=\"cspt-ele cspt-team-ele col-md-4 \"><article class=\"creativesplanet-ele creativesplanet-ele-team cspt-team-style-1\">\n\t<div class=\"creativesplanet-post-item\">\n\t\t<div class=\"creativesplanet-team-image-box\">\n\t\t\t<div class=\"cspt-featured-wrapper\"><a href=\"https:\/\/www.uhk.org.tr\/tr\/team-member\/ismail-sayim\/\"><img loading=\"lazy\" decoding=\"async\" width=\"500\" height=\"500\" src=\"https:\/\/www.uhk.org.tr\/tr\/wp-content\/uploads\/2020\/05\/bos.jpg\" class=\"attachment-cspt-img-500x580 size-cspt-img-500x580 wp-post-image\" alt=\"\" srcset=\"https:\/\/www.uhk.org.tr\/tr\/wp-content\/uploads\/2020\/05\/bos.jpg 500w, https:\/\/www.uhk.org.tr\/tr\/wp-content\/uploads\/2020\/05\/bos-150x150.jpg 150w, https:\/\/www.uhk.org.tr\/tr\/wp-content\/uploads\/2020\/05\/bos-300x300.jpg 300w\" sizes=\"auto, (max-width: 500px) 100vw, 500px\" data-id=\"14028\" \/><\/a><\/div>\t\t<\/div>\n\t\t<div class=\"creativesplanet-box-content\">\n\t\t\t<div class=\"creativesplanet-box-content-inner\">\t\t\t\t\n\t\t\t\t<div class=\"creativesplanet-box-team-position\">\n\t\t\t\t\t\t\t<div class=\"creativesplanet-box-team-position\">Ara\u015ft\u0131rma ve Dan\u0131\u015fma Kurulu<\/div>\n\t\t\t\t\t\t<\/div>\n\t\t\t\t<h3 class=\"cspt-team-title\"><a href=\"https:\/\/www.uhk.org.tr\/tr\/team-member\/ismail-sayim\/\">\u0130smail Say\u0131m<\/a><\/h3>\n\t\t\t<\/div>\n\t\t\t<div class=\"creativesplanet-box-social-links\"><ul class=\"cspt-social-links cspt-team-social-links\"><li class=\"cspt-social-li cspt-social-twitter\"><a href=\"https:\/\/twitter.com\/UHKonseyi\" title=\"Twitter\" target=\"_blank\"><span><i class=\"cspt-base-icon-twitter\"><\/i><\/span><\/a><\/li><\/ul><\/div>\n\t\t<\/div>\n\t<\/div>\n<\/article><\/div><div class=\"cspt-ele cspt-team-ele col-md-4 \"><article class=\"creativesplanet-ele creativesplanet-ele-team cspt-team-style-1\">\n\t<div class=\"creativesplanet-post-item\">\n\t\t<div class=\"creativesplanet-team-image-box\">\n\t\t\t<div class=\"cspt-featured-wrapper\"><a href=\"https:\/\/www.uhk.org.tr\/tr\/team-member\/osman-nuri-hekimoglu\/\"><img loading=\"lazy\" decoding=\"async\" width=\"500\" height=\"500\" src=\"https:\/\/www.uhk.org.tr\/tr\/wp-content\/uploads\/2020\/05\/bos.jpg\" class=\"attachment-cspt-img-500x580 size-cspt-img-500x580 wp-post-image\" alt=\"\" srcset=\"https:\/\/www.uhk.org.tr\/tr\/wp-content\/uploads\/2020\/05\/bos.jpg 500w, https:\/\/www.uhk.org.tr\/tr\/wp-content\/uploads\/2020\/05\/bos-150x150.jpg 150w, https:\/\/www.uhk.org.tr\/tr\/wp-content\/uploads\/2020\/05\/bos-300x300.jpg 300w\" sizes=\"auto, (max-width: 500px) 100vw, 500px\" data-id=\"14028\" \/><\/a><\/div>\t\t<\/div>\n\t\t<div class=\"creativesplanet-box-content\">\n\t\t\t<div class=\"creativesplanet-box-content-inner\">\t\t\t\t\n\t\t\t\t<div class=\"creativesplanet-box-team-position\">\n\t\t\t\t\t\t\t<div class=\"creativesplanet-box-team-position\">Ara\u015ft\u0131rma ve Dan\u0131\u015fma Kurulu<\/div>\n\t\t\t\t\t\t<\/div>\n\t\t\t\t<h3 class=\"cspt-team-title\"><a href=\"https:\/\/www.uhk.org.tr\/tr\/team-member\/osman-nuri-hekimoglu\/\">Osman Nuri Hekimo\u011flu<\/a><\/h3>\n\t\t\t<\/div>\n\t\t\t<div class=\"creativesplanet-box-social-links\"><ul class=\"cspt-social-links cspt-team-social-links\"><li class=\"cspt-social-li cspt-social-twitter\"><a href=\"https:\/\/twitter.com\/UHKonseyi\" title=\"Twitter\" target=\"_blank\"><span><i class=\"cspt-base-icon-twitter\"><\/i><\/span><\/a><\/li><\/ul><\/div>\n\t\t<\/div>\n\t<\/div>\n<\/article><\/div><div class=\"cspt-ele cspt-team-ele col-md-4 \"><article class=\"creativesplanet-ele creativesplanet-ele-team cspt-team-style-1\">\n\t<div class=\"creativesplanet-post-item\">\n\t\t<div class=\"creativesplanet-team-image-box\">\n\t\t\t<div class=\"cspt-featured-wrapper\"><a href=\"https:\/\/www.uhk.org.tr\/tr\/team-member\/prof-dr-ali-topal\/\"><img loading=\"lazy\" decoding=\"async\" width=\"500\" height=\"500\" src=\"https:\/\/www.uhk.org.tr\/tr\/wp-content\/uploads\/2020\/05\/bos.jpg\" class=\"attachment-cspt-img-500x580 size-cspt-img-500x580 wp-post-image\" alt=\"\" srcset=\"https:\/\/www.uhk.org.tr\/tr\/wp-content\/uploads\/2020\/05\/bos.jpg 500w, https:\/\/www.uhk.org.tr\/tr\/wp-content\/uploads\/2020\/05\/bos-150x150.jpg 150w, https:\/\/www.uhk.org.tr\/tr\/wp-content\/uploads\/2020\/05\/bos-300x300.jpg 300w\" sizes=\"auto, (max-width: 500px) 100vw, 500px\" data-id=\"14028\" \/><\/a><\/div>\t\t<\/div>\n\t\t<div class=\"creativesplanet-box-content\">\n\t\t\t<div class=\"creativesplanet-box-content-inner\">\t\t\t\t\n\t\t\t\t<div class=\"creativesplanet-box-team-position\">\n\t\t\t\t\t\t\t<div class=\"creativesplanet-box-team-position\">Ara\u015ft\u0131rma ve Dan\u0131\u015fma Kurulu<\/div>\n\t\t\t\t\t\t<\/div>\n\t\t\t\t<h3 class=\"cspt-team-title\"><a href=\"https:\/\/www.uhk.org.tr\/tr\/team-member\/prof-dr-ali-topal\/\">Prof. Dr. Ali Topal<\/a><\/h3>\n\t\t\t<\/div>\n\t\t\t<div class=\"creativesplanet-box-social-links\"><ul class=\"cspt-social-links cspt-team-social-links\"><li class=\"cspt-social-li cspt-social-twitter\"><a href=\"https:\/\/twitter.com\/UHKonseyi\" title=\"Twitter\" target=\"_blank\"><span><i class=\"cspt-base-icon-twitter\"><\/i><\/span><\/a><\/li><\/ul><\/div>\n\t\t<\/div>\n\t<\/div>\n<\/article><\/div><div class=\"cspt-ele cspt-team-ele col-md-4 \"><article class=\"creativesplanet-ele creativesplanet-ele-team cspt-team-style-1\">\n\t<div class=\"creativesplanet-post-item\">\n\t\t<div class=\"creativesplanet-team-image-box\">\n\t\t\t<div class=\"cspt-featured-wrapper\"><a href=\"https:\/\/www.uhk.org.tr\/tr\/team-member\/prof-dr-suleyman-soylu\/\"><img loading=\"lazy\" decoding=\"async\" width=\"500\" height=\"500\" src=\"https:\/\/www.uhk.org.tr\/tr\/wp-content\/uploads\/2020\/05\/bos.jpg\" class=\"attachment-cspt-img-500x580 size-cspt-img-500x580 wp-post-image\" alt=\"\" srcset=\"https:\/\/www.uhk.org.tr\/tr\/wp-content\/uploads\/2020\/05\/bos.jpg 500w, https:\/\/www.uhk.org.tr\/tr\/wp-content\/uploads\/2020\/05\/bos-150x150.jpg 150w, https:\/\/www.uhk.org.tr\/tr\/wp-content\/uploads\/2020\/05\/bos-300x300.jpg 300w\" sizes=\"auto, (max-width: 500px) 100vw, 500px\" data-id=\"14028\" \/><\/a><\/div>\t\t<\/div>\n\t\t<div class=\"creativesplanet-box-content\">\n\t\t\t<div class=\"creativesplanet-box-content-inner\">\t\t\t\t\n\t\t\t\t<div class=\"creativesplanet-box-team-position\">\n\t\t\t\t\t\t\t<div class=\"creativesplanet-box-team-position\">Ara\u015ft\u0131rma ve Dan\u0131\u015fma Kurulu<\/div>\n\t\t\t\t\t\t<\/div>\n\t\t\t\t<h3 class=\"cspt-team-title\"><a href=\"https:\/\/www.uhk.org.tr\/tr\/team-member\/prof-dr-suleyman-soylu\/\">Prof. Dr. S\u00fcleyman Soylu<\/a><\/h3>\n\t\t\t<\/div>\n\t\t\t<div class=\"creativesplanet-box-social-links\"><ul class=\"cspt-social-links cspt-team-social-links\"><li class=\"cspt-social-li cspt-social-twitter\"><a href=\"https:\/\/twitter.com\/UHKonseyi\" title=\"Twitter\" target=\"_blank\"><span><i class=\"cspt-base-icon-twitter\"><\/i><\/span><\/a><\/li><\/ul><\/div>\n\t\t<\/div>\n\t<\/div>\n<\/article><\/div><div class=\"cspt-ele cspt-team-ele col-md-4 \"><article class=\"creativesplanet-ele creativesplanet-ele-team cspt-team-style-1\">\n\t<div class=\"creativesplanet-post-item\">\n\t\t<div class=\"creativesplanet-team-image-box\">\n\t\t\t<div class=\"cspt-featured-wrapper\"><a href=\"https:\/\/www.uhk.org.tr\/tr\/team-member\/sevval-cengiz\/\"><img loading=\"lazy\" decoding=\"async\" width=\"500\" height=\"500\" src=\"https:\/\/www.uhk.org.tr\/tr\/wp-content\/uploads\/2020\/05\/bos.jpg\" class=\"attachment-cspt-img-500x580 size-cspt-img-500x580 wp-post-image\" alt=\"\" srcset=\"https:\/\/www.uhk.org.tr\/tr\/wp-content\/uploads\/2020\/05\/bos.jpg 500w, https:\/\/www.uhk.org.tr\/tr\/wp-content\/uploads\/2020\/05\/bos-150x150.jpg 150w, https:\/\/www.uhk.org.tr\/tr\/wp-content\/uploads\/2020\/05\/bos-300x300.jpg 300w\" sizes=\"auto, (max-width: 500px) 100vw, 500px\" data-id=\"14028\" \/><\/a><\/div>\t\t<\/div>\n\t\t<div class=\"creativesplanet-box-content\">\n\t\t\t<div class=\"creativesplanet-box-content-inner\">\t\t\t\t\n\t\t\t\t<div class=\"creativesplanet-box-team-position\">\n\t\t\t\t\t\t\t<div class=\"creativesplanet-box-team-position\">Ara\u015ft\u0131rma ve Dan\u0131\u015fma Kurulu<\/div>\n\t\t\t\t\t\t<\/div>\n\t\t\t\t<h3 class=\"cspt-team-title\"><a href=\"https:\/\/www.uhk.org.tr\/tr\/team-member\/sevval-cengiz\/\">\u015eevval Cengiz<\/a><\/h3>\n\t\t\t<\/div>\n\t\t\t<div class=\"creativesplanet-box-social-links\"><ul class=\"cspt-social-links cspt-team-social-links\"><li class=\"cspt-social-li cspt-social-twitter\"><a href=\"https:\/\/twitter.com\/UHKonseyi\" title=\"Twitter\" target=\"_blank\"><span><i class=\"cspt-base-icon-twitter\"><\/i><\/span><\/a><\/li><\/ul><\/div>\n\t\t<\/div>\n\t<\/div>\n<\/article><\/div><\/div><\/div><!-- .creativesplanet-element-inner -->   <\/div><!-- .creativesplanet-element -->  [\/vc_column][\/vc_row]<\/p>\n","protected":false},"excerpt":{"rendered":"<p>[vc_row cspt-bg-color=&#8221;white&#8221;][vc_column][\/vc_column][\/vc_row]<\/p>\n","protected":false},"author":1,"featured_media":0,"parent":0,"menu_order":0,"comment_status":"closed","ping_status":"closed","template":"","meta":{"_acf_changed":false,"footnotes":""},"class_list":["post-14066","page","type-page","status-publish","hentry"],"acf":[],"_links":{"self":[{"href":"https:\/\/www.uhk.org.tr\/tr\/wp-json\/wp\/v2\/pages\/14066","targetHints":{"allow":["GET"]}}],"collection":[{"href":"https:\/\/www.uhk.org.tr\/tr\/wp-json\/wp\/v2\/pages"}],"about":[{"href":"https:\/\/www.uhk.org.tr\/tr\/wp-json\/wp\/v2\/types\/page"}],"author":[{"embeddable":true,"href":"https:\/\/www.uhk.org.tr\/tr\/wp-json\/wp\/v2\/users\/1"}],"replies":[{"embeddable":true,"href":"https:\/\/www.uhk.org.tr\/tr\/wp-json\/wp\/v2\/comments?post=14066"}],"version-history":[{"count":1,"href":"https:\/\/www.uhk.org.tr\/tr\/wp-json\/wp\/v2\/pages\/14066\/revisions"}],"predecessor-version":[{"id":14068,"href":"https:\/\/www.uhk.org.tr\/tr\/wp-json\/wp\/v2\/pages\/14066\/revisions\/14068"}],"wp:attachment":[{"href":"https:\/\/www.uhk.org.tr\/tr\/wp-json\/wp\/v2\/media?parent=14066"}],"curies":[{"name":"wp","href":"https:\/\/api.w.org\/{rel}","templated":true}]}}