{"id":14031,"date":"2020-05-25T15:34:50","date_gmt":"2020-05-25T15:34:50","guid":{"rendered":"http:\/\/www.uhk.org.tr\/tr\/?page_id=14031"},"modified":"2025-09-17T10:43:04","modified_gmt":"2025-09-17T10:43:04","slug":"genel-kurul","status":"publish","type":"page","link":"https:\/\/www.uhk.org.tr\/tr\/genel-kurul\/","title":{"rendered":"Genel Kurul"},"content":{"rendered":"<p>[vc_row cspt-bg-color=&#8221;white&#8221;][vc_column]<div  class=\"creativesplanet-element creativesplanet-element-team cspt-element-team-style-1 creativesplanet-element-viewtype-row-column cspt-sortable-no\" data-show=\"-1\" data-columns=\"3\" data-loop=\"false\" data-autoplay=\"false\" data-center=\"false\" data-nav=\"false\" data-dots=\"false\" data-autoplayspeed=\"1000\" data-margin=\"\"><div class=\"creativesplanet-element-inner\"><div class=\"cspt-element-posts-wrapper row multi-columns-row\"><div class=\"cspt-ele cspt-team-ele col-md-4 \"><article class=\"creativesplanet-ele creativesplanet-ele-team cspt-team-style-1\">\n\t<div class=\"creativesplanet-post-item\">\n\t\t<div class=\"creativesplanet-team-image-box\">\n\t\t\t<div class=\"cspt-featured-wrapper\"><a href=\"https:\/\/www.uhk.org.tr\/tr\/team-member\/ozkan-taspinar\/\"><img loading=\"lazy\" decoding=\"async\" width=\"500\" height=\"500\" src=\"https:\/\/www.uhk.org.tr\/tr\/wp-content\/uploads\/2020\/05\/bos.jpg\" class=\"attachment-cspt-img-500x580 size-cspt-img-500x580 wp-post-image\" alt=\"\" srcset=\"https:\/\/www.uhk.org.tr\/tr\/wp-content\/uploads\/2020\/05\/bos.jpg 500w, https:\/\/www.uhk.org.tr\/tr\/wp-content\/uploads\/2020\/05\/bos-150x150.jpg 150w, https:\/\/www.uhk.org.tr\/tr\/wp-content\/uploads\/2020\/05\/bos-300x300.jpg 300w\" sizes=\"auto, (max-width: 500px) 100vw, 500px\" data-id=\"14028\" \/><\/a><\/div>\t\t<\/div>\n\t\t<div class=\"creativesplanet-box-content\">\n\t\t\t<div class=\"creativesplanet-box-content-inner\">\t\t\t\t\n\t\t\t\t<div class=\"creativesplanet-box-team-position\">\n\t\t\t\t\t\t\t<div class=\"creativesplanet-box-team-position\">Genel Kurul \u00dcyesi<\/div>\n\t\t\t\t\t\t<\/div>\n\t\t\t\t<h3 class=\"cspt-team-title\"><a href=\"https:\/\/www.uhk.org.tr\/tr\/team-member\/ozkan-taspinar\/\">\u00d6zkan Ta\u015fp\u0131nar<\/a><\/h3>\n\t\t\t<\/div>\n\t\t\t<div class=\"creativesplanet-box-social-links\"><\/div>\n\t\t<\/div>\n\t<\/div>\n<\/article><\/div><div class=\"cspt-ele cspt-team-ele col-md-4 \"><article class=\"creativesplanet-ele creativesplanet-ele-team cspt-team-style-1\">\n\t<div class=\"creativesplanet-post-item\">\n\t\t<div class=\"creativesplanet-team-image-box\">\n\t\t\t<div class=\"cspt-featured-wrapper\"><a href=\"https:\/\/www.uhk.org.tr\/tr\/team-member\/ugur-erdem\/\"><img loading=\"lazy\" decoding=\"async\" width=\"500\" height=\"500\" src=\"https:\/\/www.uhk.org.tr\/tr\/wp-content\/uploads\/2020\/05\/bos.jpg\" class=\"attachment-cspt-img-500x580 size-cspt-img-500x580 wp-post-image\" alt=\"\" srcset=\"https:\/\/www.uhk.org.tr\/tr\/wp-content\/uploads\/2020\/05\/bos.jpg 500w, https:\/\/www.uhk.org.tr\/tr\/wp-content\/uploads\/2020\/05\/bos-150x150.jpg 150w, https:\/\/www.uhk.org.tr\/tr\/wp-content\/uploads\/2020\/05\/bos-300x300.jpg 300w\" sizes=\"auto, (max-width: 500px) 100vw, 500px\" data-id=\"14028\" \/><\/a><\/div>\t\t<\/div>\n\t\t<div class=\"creativesplanet-box-content\">\n\t\t\t<div class=\"creativesplanet-box-content-inner\">\t\t\t\t\n\t\t\t\t<div class=\"creativesplanet-box-team-position\">\n\t\t\t\t\t\t\t<div class=\"creativesplanet-box-team-position\">Genel Kurul \u00dcyesi<\/div>\n\t\t\t\t\t\t<\/div>\n\t\t\t\t<h3 class=\"cspt-team-title\"><a href=\"https:\/\/www.uhk.org.tr\/tr\/team-member\/ugur-erdem\/\">U\u011fur Erdem<\/a><\/h3>\n\t\t\t<\/div>\n\t\t\t<div class=\"creativesplanet-box-social-links\"><ul class=\"cspt-social-links cspt-team-social-links\"><li class=\"cspt-social-li cspt-social-twitter\"><a href=\"https:\/\/twitter.com\/UHKonseyi\" title=\"Twitter\" target=\"_blank\"><span><i class=\"cspt-base-icon-twitter\"><\/i><\/span><\/a><\/li><\/ul><\/div>\n\t\t<\/div>\n\t<\/div>\n<\/article><\/div><div class=\"cspt-ele cspt-team-ele col-md-4 \"><article class=\"creativesplanet-ele creativesplanet-ele-team cspt-team-style-1\">\n\t<div class=\"creativesplanet-post-item\">\n\t\t<div class=\"creativesplanet-team-image-box\">\n\t\t\t<div class=\"cspt-featured-wrapper\"><a href=\"https:\/\/www.uhk.org.tr\/tr\/team-member\/ihsan-emiralioglu\/\"><img loading=\"lazy\" decoding=\"async\" width=\"500\" height=\"500\" src=\"https:\/\/www.uhk.org.tr\/tr\/wp-content\/uploads\/2020\/05\/bos.jpg\" class=\"attachment-cspt-img-500x580 size-cspt-img-500x580 wp-post-image\" alt=\"\" srcset=\"https:\/\/www.uhk.org.tr\/tr\/wp-content\/uploads\/2020\/05\/bos.jpg 500w, https:\/\/www.uhk.org.tr\/tr\/wp-content\/uploads\/2020\/05\/bos-150x150.jpg 150w, https:\/\/www.uhk.org.tr\/tr\/wp-content\/uploads\/2020\/05\/bos-300x300.jpg 300w\" sizes=\"auto, (max-width: 500px) 100vw, 500px\" data-id=\"14028\" \/><\/a><\/div>\t\t<\/div>\n\t\t<div class=\"creativesplanet-box-content\">\n\t\t\t<div class=\"creativesplanet-box-content-inner\">\t\t\t\t\n\t\t\t\t<div class=\"creativesplanet-box-team-position\">\n\t\t\t\t\t\t\t<div class=\"creativesplanet-box-team-position\">Genel Kurul \u00dcyesi<\/div>\n\t\t\t\t\t\t<\/div>\n\t\t\t\t<h3 class=\"cspt-team-title\"><a href=\"https:\/\/www.uhk.org.tr\/tr\/team-member\/ihsan-emiralioglu\/\">\u0130hsan Emiralio\u011flu<\/a><\/h3>\n\t\t\t<\/div>\n\t\t\t<div class=\"creativesplanet-box-social-links\"><ul class=\"cspt-social-links cspt-team-social-links\"><li class=\"cspt-social-li cspt-social-twitter\"><a href=\"https:\/\/twitter.com\/UHKonseyi\" title=\"Twitter\" target=\"_blank\"><span><i class=\"cspt-base-icon-twitter\"><\/i><\/span><\/a><\/li><\/ul><\/div>\n\t\t<\/div>\n\t<\/div>\n<\/article><\/div><div class=\"cspt-ele cspt-team-ele col-md-4 \"><article class=\"creativesplanet-ele creativesplanet-ele-team cspt-team-style-1\">\n\t<div class=\"creativesplanet-post-item\">\n\t\t<div class=\"creativesplanet-team-image-box\">\n\t\t\t<div class=\"cspt-featured-wrapper\"><a href=\"https:\/\/www.uhk.org.tr\/tr\/team-member\/ali-surucu\/\"><img loading=\"lazy\" decoding=\"async\" width=\"500\" height=\"500\" src=\"https:\/\/www.uhk.org.tr\/tr\/wp-content\/uploads\/2020\/05\/bos.jpg\" class=\"attachment-cspt-img-500x580 size-cspt-img-500x580 wp-post-image\" alt=\"\" srcset=\"https:\/\/www.uhk.org.tr\/tr\/wp-content\/uploads\/2020\/05\/bos.jpg 500w, https:\/\/www.uhk.org.tr\/tr\/wp-content\/uploads\/2020\/05\/bos-150x150.jpg 150w, https:\/\/www.uhk.org.tr\/tr\/wp-content\/uploads\/2020\/05\/bos-300x300.jpg 300w\" sizes=\"auto, (max-width: 500px) 100vw, 500px\" data-id=\"14028\" \/><\/a><\/div>\t\t<\/div>\n\t\t<div class=\"creativesplanet-box-content\">\n\t\t\t<div class=\"creativesplanet-box-content-inner\">\t\t\t\t\n\t\t\t\t<div class=\"creativesplanet-box-team-position\">\n\t\t\t\t\t\t\t<div class=\"creativesplanet-box-team-position\">Genel Kurul \u00dcyesi<\/div>\n\t\t\t\t\t\t<\/div>\n\t\t\t\t<h3 class=\"cspt-team-title\"><a href=\"https:\/\/www.uhk.org.tr\/tr\/team-member\/ali-surucu\/\">Ali S\u00fcr\u00fcc\u00fc<\/a><\/h3>\n\t\t\t<\/div>\n\t\t\t<div class=\"creativesplanet-box-social-links\"><ul class=\"cspt-social-links cspt-team-social-links\"><li class=\"cspt-social-li cspt-social-twitter\"><a href=\"https:\/\/twitter.com\/UHKonseyi\" title=\"Twitter\" target=\"_blank\"><span><i class=\"cspt-base-icon-twitter\"><\/i><\/span><\/a><\/li><\/ul><\/div>\n\t\t<\/div>\n\t<\/div>\n<\/article><\/div><div class=\"cspt-ele cspt-team-ele col-md-4 \"><article class=\"creativesplanet-ele creativesplanet-ele-team cspt-team-style-1\">\n\t<div class=\"creativesplanet-post-item\">\n\t\t<div class=\"creativesplanet-team-image-box\">\n\t\t\t<div class=\"cspt-featured-wrapper\"><a href=\"https:\/\/www.uhk.org.tr\/tr\/team-member\/ilker-topal\/\"><img loading=\"lazy\" decoding=\"async\" width=\"500\" height=\"500\" src=\"https:\/\/www.uhk.org.tr\/tr\/wp-content\/uploads\/2020\/05\/bos.jpg\" class=\"attachment-cspt-img-500x580 size-cspt-img-500x580 wp-post-image\" alt=\"\" srcset=\"https:\/\/www.uhk.org.tr\/tr\/wp-content\/uploads\/2020\/05\/bos.jpg 500w, https:\/\/www.uhk.org.tr\/tr\/wp-content\/uploads\/2020\/05\/bos-150x150.jpg 150w, https:\/\/www.uhk.org.tr\/tr\/wp-content\/uploads\/2020\/05\/bos-300x300.jpg 300w\" sizes=\"auto, (max-width: 500px) 100vw, 500px\" data-id=\"14028\" \/><\/a><\/div>\t\t<\/div>\n\t\t<div class=\"creativesplanet-box-content\">\n\t\t\t<div class=\"creativesplanet-box-content-inner\">\t\t\t\t\n\t\t\t\t<div class=\"creativesplanet-box-team-position\">\n\t\t\t\t\t\t\t<div class=\"creativesplanet-box-team-position\">Genel Kurul \u00dcyesi<\/div>\n\t\t\t\t\t\t<\/div>\n\t\t\t\t<h3 class=\"cspt-team-title\"><a href=\"https:\/\/www.uhk.org.tr\/tr\/team-member\/ilker-topal\/\">\u0130lker Topal<\/a><\/h3>\n\t\t\t<\/div>\n\t\t\t<div class=\"creativesplanet-box-social-links\"><\/div>\n\t\t<\/div>\n\t<\/div>\n<\/article><\/div><div class=\"cspt-ele cspt-team-ele col-md-4 \"><article class=\"creativesplanet-ele creativesplanet-ele-team cspt-team-style-1\">\n\t<div class=\"creativesplanet-post-item\">\n\t\t<div class=\"creativesplanet-team-image-box\">\n\t\t\t<div class=\"cspt-featured-wrapper\"><a href=\"https:\/\/www.uhk.org.tr\/tr\/team-member\/gurkan-gurel\/\"><img loading=\"lazy\" decoding=\"async\" width=\"500\" height=\"500\" src=\"https:\/\/www.uhk.org.tr\/tr\/wp-content\/uploads\/2020\/05\/bos.jpg\" class=\"attachment-cspt-img-500x580 size-cspt-img-500x580 wp-post-image\" alt=\"\" srcset=\"https:\/\/www.uhk.org.tr\/tr\/wp-content\/uploads\/2020\/05\/bos.jpg 500w, https:\/\/www.uhk.org.tr\/tr\/wp-content\/uploads\/2020\/05\/bos-150x150.jpg 150w, https:\/\/www.uhk.org.tr\/tr\/wp-content\/uploads\/2020\/05\/bos-300x300.jpg 300w\" sizes=\"auto, (max-width: 500px) 100vw, 500px\" data-id=\"14028\" \/><\/a><\/div>\t\t<\/div>\n\t\t<div class=\"creativesplanet-box-content\">\n\t\t\t<div class=\"creativesplanet-box-content-inner\">\t\t\t\t\n\t\t\t\t<div class=\"creativesplanet-box-team-position\">\n\t\t\t\t\t\t\t<div class=\"creativesplanet-box-team-position\">Genel Kurul \u00dcyesi<\/div>\n\t\t\t\t\t\t<\/div>\n\t\t\t\t<h3 class=\"cspt-team-title\"><a href=\"https:\/\/www.uhk.org.tr\/tr\/team-member\/gurkan-gurel\/\">G\u00fcrkan G\u00fcrel<\/a><\/h3>\n\t\t\t<\/div>\n\t\t\t<div class=\"creativesplanet-box-social-links\"><ul class=\"cspt-social-links cspt-team-social-links\"><li class=\"cspt-social-li cspt-social-twitter\"><a href=\"https:\/\/twitter.com\/UHKonseyi\" title=\"Twitter\" target=\"_blank\"><span><i class=\"cspt-base-icon-twitter\"><\/i><\/span><\/a><\/li><\/ul><\/div>\n\t\t<\/div>\n\t<\/div>\n<\/article><\/div><div class=\"cspt-ele cspt-team-ele col-md-4 \"><article class=\"creativesplanet-ele creativesplanet-ele-team cspt-team-style-1\">\n\t<div class=\"creativesplanet-post-item\">\n\t\t<div class=\"creativesplanet-team-image-box\">\n\t\t\t<div class=\"cspt-featured-wrapper\"><a href=\"https:\/\/www.uhk.org.tr\/tr\/team-member\/omer-zeydan\/\"><img loading=\"lazy\" decoding=\"async\" width=\"500\" height=\"500\" src=\"https:\/\/www.uhk.org.tr\/tr\/wp-content\/uploads\/2020\/05\/bos.jpg\" class=\"attachment-cspt-img-500x580 size-cspt-img-500x580 wp-post-image\" alt=\"\" srcset=\"https:\/\/www.uhk.org.tr\/tr\/wp-content\/uploads\/2020\/05\/bos.jpg 500w, https:\/\/www.uhk.org.tr\/tr\/wp-content\/uploads\/2020\/05\/bos-150x150.jpg 150w, https:\/\/www.uhk.org.tr\/tr\/wp-content\/uploads\/2020\/05\/bos-300x300.jpg 300w\" sizes=\"auto, (max-width: 500px) 100vw, 500px\" data-id=\"14028\" \/><\/a><\/div>\t\t<\/div>\n\t\t<div class=\"creativesplanet-box-content\">\n\t\t\t<div class=\"creativesplanet-box-content-inner\">\t\t\t\t\n\t\t\t\t<div class=\"creativesplanet-box-team-position\">\n\t\t\t\t\t\t\t<div class=\"creativesplanet-box-team-position\">Genel Kurul \u00dcyesi<\/div>\n\t\t\t\t\t\t<\/div>\n\t\t\t\t<h3 class=\"cspt-team-title\"><a href=\"https:\/\/www.uhk.org.tr\/tr\/team-member\/omer-zeydan\/\">\u00d6mer Zeydan<\/a><\/h3>\n\t\t\t<\/div>\n\t\t\t<div class=\"creativesplanet-box-social-links\"><ul class=\"cspt-social-links cspt-team-social-links\"><li class=\"cspt-social-li cspt-social-twitter\"><a href=\"https:\/\/twitter.com\/UHKonseyi\" title=\"Twitter\" target=\"_blank\"><span><i class=\"cspt-base-icon-twitter\"><\/i><\/span><\/a><\/li><\/ul><\/div>\n\t\t<\/div>\n\t<\/div>\n<\/article><\/div><div class=\"cspt-ele cspt-team-ele col-md-4 \"><article class=\"creativesplanet-ele creativesplanet-ele-team cspt-team-style-1\">\n\t<div class=\"creativesplanet-post-item\">\n\t\t<div class=\"creativesplanet-team-image-box\">\n\t\t\t<div class=\"cspt-featured-wrapper\"><a href=\"https:\/\/www.uhk.org.tr\/tr\/team-member\/kemal-uflaz\/\"><img loading=\"lazy\" decoding=\"async\" width=\"500\" height=\"500\" src=\"https:\/\/www.uhk.org.tr\/tr\/wp-content\/uploads\/2020\/05\/bos.jpg\" class=\"attachment-cspt-img-500x580 size-cspt-img-500x580 wp-post-image\" alt=\"\" srcset=\"https:\/\/www.uhk.org.tr\/tr\/wp-content\/uploads\/2020\/05\/bos.jpg 500w, https:\/\/www.uhk.org.tr\/tr\/wp-content\/uploads\/2020\/05\/bos-150x150.jpg 150w, https:\/\/www.uhk.org.tr\/tr\/wp-content\/uploads\/2020\/05\/bos-300x300.jpg 300w\" sizes=\"auto, (max-width: 500px) 100vw, 500px\" data-id=\"14028\" \/><\/a><\/div>\t\t<\/div>\n\t\t<div class=\"creativesplanet-box-content\">\n\t\t\t<div class=\"creativesplanet-box-content-inner\">\t\t\t\t\n\t\t\t\t<div class=\"creativesplanet-box-team-position\">\n\t\t\t\t\t\t\t<div class=\"creativesplanet-box-team-position\">Genel Kurul \u00dcyesi<\/div>\n\t\t\t\t\t\t<\/div>\n\t\t\t\t<h3 class=\"cspt-team-title\"><a href=\"https:\/\/www.uhk.org.tr\/tr\/team-member\/kemal-uflaz\/\">Kemal Uflaz<\/a><\/h3>\n\t\t\t<\/div>\n\t\t\t<div class=\"creativesplanet-box-social-links\"><ul class=\"cspt-social-links cspt-team-social-links\"><li class=\"cspt-social-li cspt-social-twitter\"><a href=\"https:\/\/twitter.com\/UHKonseyi\" title=\"Twitter\" target=\"_blank\"><span><i class=\"cspt-base-icon-twitter\"><\/i><\/span><\/a><\/li><\/ul><\/div>\n\t\t<\/div>\n\t<\/div>\n<\/article><\/div><div class=\"cspt-ele cspt-team-ele col-md-4 \"><article class=\"creativesplanet-ele creativesplanet-ele-team cspt-team-style-1\">\n\t<div class=\"creativesplanet-post-item\">\n\t\t<div class=\"creativesplanet-team-image-box\">\n\t\t\t<div class=\"cspt-featured-wrapper\"><a href=\"https:\/\/www.uhk.org.tr\/tr\/team-member\/durmus-uner\/\"><img loading=\"lazy\" decoding=\"async\" width=\"500\" height=\"500\" src=\"https:\/\/www.uhk.org.tr\/tr\/wp-content\/uploads\/2020\/05\/bos.jpg\" class=\"attachment-cspt-img-500x580 size-cspt-img-500x580 wp-post-image\" alt=\"\" srcset=\"https:\/\/www.uhk.org.tr\/tr\/wp-content\/uploads\/2020\/05\/bos.jpg 500w, https:\/\/www.uhk.org.tr\/tr\/wp-content\/uploads\/2020\/05\/bos-150x150.jpg 150w, https:\/\/www.uhk.org.tr\/tr\/wp-content\/uploads\/2020\/05\/bos-300x300.jpg 300w\" sizes=\"auto, (max-width: 500px) 100vw, 500px\" data-id=\"14028\" \/><\/a><\/div>\t\t<\/div>\n\t\t<div class=\"creativesplanet-box-content\">\n\t\t\t<div class=\"creativesplanet-box-content-inner\">\t\t\t\t\n\t\t\t\t<div class=\"creativesplanet-box-team-position\">\n\t\t\t\t\t\t\t<div class=\"creativesplanet-box-team-position\">Genel Kurul \u00dcyesi<\/div>\n\t\t\t\t\t\t<\/div>\n\t\t\t\t<h3 class=\"cspt-team-title\"><a href=\"https:\/\/www.uhk.org.tr\/tr\/team-member\/durmus-uner\/\">Durmu\u015f \u00dcner<\/a><\/h3>\n\t\t\t<\/div>\n\t\t\t<div class=\"creativesplanet-box-social-links\"><ul class=\"cspt-social-links cspt-team-social-links\"><li class=\"cspt-social-li cspt-social-twitter\"><a href=\"https:\/\/twitter.com\/UHKonseyi\" title=\"Twitter\" target=\"_blank\"><span><i class=\"cspt-base-icon-twitter\"><\/i><\/span><\/a><\/li><\/ul><\/div>\n\t\t<\/div>\n\t<\/div>\n<\/article><\/div><div class=\"cspt-ele cspt-team-ele col-md-4 \"><article class=\"creativesplanet-ele creativesplanet-ele-team cspt-team-style-1\">\n\t<div class=\"creativesplanet-post-item\">\n\t\t<div class=\"creativesplanet-team-image-box\">\n\t\t\t<div class=\"cspt-featured-wrapper\"><a href=\"https:\/\/www.uhk.org.tr\/tr\/team-member\/yucel-gurbuz\/\"><img loading=\"lazy\" decoding=\"async\" width=\"500\" height=\"500\" src=\"https:\/\/www.uhk.org.tr\/tr\/wp-content\/uploads\/2020\/05\/bos.jpg\" class=\"attachment-cspt-img-500x580 size-cspt-img-500x580 wp-post-image\" alt=\"\" srcset=\"https:\/\/www.uhk.org.tr\/tr\/wp-content\/uploads\/2020\/05\/bos.jpg 500w, https:\/\/www.uhk.org.tr\/tr\/wp-content\/uploads\/2020\/05\/bos-150x150.jpg 150w, https:\/\/www.uhk.org.tr\/tr\/wp-content\/uploads\/2020\/05\/bos-300x300.jpg 300w\" sizes=\"auto, (max-width: 500px) 100vw, 500px\" data-id=\"14028\" \/><\/a><\/div>\t\t<\/div>\n\t\t<div class=\"creativesplanet-box-content\">\n\t\t\t<div class=\"creativesplanet-box-content-inner\">\t\t\t\t\n\t\t\t\t<div class=\"creativesplanet-box-team-position\">\n\t\t\t\t\t\t\t<div class=\"creativesplanet-box-team-position\">Genel Kurul \u00dcyesi<\/div>\n\t\t\t\t\t\t<\/div>\n\t\t\t\t<h3 class=\"cspt-team-title\"><a href=\"https:\/\/www.uhk.org.tr\/tr\/team-member\/yucel-gurbuz\/\">Y\u00fccel G\u00fcrb\u00fcz<\/a><\/h3>\n\t\t\t<\/div>\n\t\t\t<div class=\"creativesplanet-box-social-links\"><ul class=\"cspt-social-links cspt-team-social-links\"><li class=\"cspt-social-li cspt-social-twitter\"><a href=\"https:\/\/twitter.com\/UHKonseyi\" title=\"Twitter\" target=\"_blank\"><span><i class=\"cspt-base-icon-twitter\"><\/i><\/span><\/a><\/li><\/ul><\/div>\n\t\t<\/div>\n\t<\/div>\n<\/article><\/div><div class=\"cspt-ele cspt-team-ele col-md-4 \"><article class=\"creativesplanet-ele creativesplanet-ele-team cspt-team-style-1\">\n\t<div class=\"creativesplanet-post-item\">\n\t\t<div class=\"creativesplanet-team-image-box\">\n\t\t\t<div class=\"cspt-featured-wrapper\"><a href=\"https:\/\/www.uhk.org.tr\/tr\/team-member\/ekrem-cavas\/\"><img loading=\"lazy\" decoding=\"async\" width=\"500\" height=\"500\" src=\"https:\/\/www.uhk.org.tr\/tr\/wp-content\/uploads\/2020\/05\/bos-1.jpg\" class=\"attachment-cspt-img-500x580 size-cspt-img-500x580 wp-post-image\" alt=\"\" srcset=\"https:\/\/www.uhk.org.tr\/tr\/wp-content\/uploads\/2020\/05\/bos-1.jpg 500w, https:\/\/www.uhk.org.tr\/tr\/wp-content\/uploads\/2020\/05\/bos-1-300x300.jpg 300w, https:\/\/www.uhk.org.tr\/tr\/wp-content\/uploads\/2020\/05\/bos-1-150x150.jpg 150w\" sizes=\"auto, (max-width: 500px) 100vw, 500px\" data-id=\"15071\" \/><\/a><\/div>\t\t<\/div>\n\t\t<div class=\"creativesplanet-box-content\">\n\t\t\t<div class=\"creativesplanet-box-content-inner\">\t\t\t\t\n\t\t\t\t<div class=\"creativesplanet-box-team-position\">\n\t\t\t\t\t\t\t<div class=\"creativesplanet-box-team-position\">Genel Kurul \u00dcyesi<\/div>\n\t\t\t\t\t\t<\/div>\n\t\t\t\t<h3 class=\"cspt-team-title\"><a href=\"https:\/\/www.uhk.org.tr\/tr\/team-member\/ekrem-cavas\/\">Ekrem \u00c7ava\u015f<\/a><\/h3>\n\t\t\t<\/div>\n\t\t\t<div class=\"creativesplanet-box-social-links\"><ul class=\"cspt-social-links cspt-team-social-links\"><li class=\"cspt-social-li cspt-social-twitter\"><a href=\"https:\/\/twitter.com\/UHKonseyi\" title=\"Twitter\" target=\"_blank\"><span><i class=\"cspt-base-icon-twitter\"><\/i><\/span><\/a><\/li><\/ul><\/div>\n\t\t<\/div>\n\t<\/div>\n<\/article><\/div><div class=\"cspt-ele cspt-team-ele col-md-4 \"><article class=\"creativesplanet-ele creativesplanet-ele-team cspt-team-style-1\">\n\t<div class=\"creativesplanet-post-item\">\n\t\t<div class=\"creativesplanet-team-image-box\">\n\t\t\t<div class=\"cspt-featured-wrapper\"><a href=\"https:\/\/www.uhk.org.tr\/tr\/team-member\/haluk-tezcan\/\"><img loading=\"lazy\" decoding=\"async\" width=\"500\" height=\"500\" src=\"https:\/\/www.uhk.org.tr\/tr\/wp-content\/uploads\/2020\/05\/bos.jpg\" class=\"attachment-cspt-img-500x580 size-cspt-img-500x580 wp-post-image\" alt=\"\" srcset=\"https:\/\/www.uhk.org.tr\/tr\/wp-content\/uploads\/2020\/05\/bos.jpg 500w, https:\/\/www.uhk.org.tr\/tr\/wp-content\/uploads\/2020\/05\/bos-150x150.jpg 150w, https:\/\/www.uhk.org.tr\/tr\/wp-content\/uploads\/2020\/05\/bos-300x300.jpg 300w\" sizes=\"auto, (max-width: 500px) 100vw, 500px\" data-id=\"14028\" \/><\/a><\/div>\t\t<\/div>\n\t\t<div class=\"creativesplanet-box-content\">\n\t\t\t<div class=\"creativesplanet-box-content-inner\">\t\t\t\t\n\t\t\t\t<div class=\"creativesplanet-box-team-position\">\n\t\t\t\t\t\t\t<div class=\"creativesplanet-box-team-position\">Genel Kurul \u00dcyesi<\/div>\n\t\t\t\t\t\t<\/div>\n\t\t\t\t<h3 class=\"cspt-team-title\"><a href=\"https:\/\/www.uhk.org.tr\/tr\/team-member\/haluk-tezcan\/\">Haluk Tezcan<\/a><\/h3>\n\t\t\t<\/div>\n\t\t\t<div class=\"creativesplanet-box-social-links\"><\/div>\n\t\t<\/div>\n\t<\/div>\n<\/article><\/div><div class=\"cspt-ele cspt-team-ele col-md-4 \"><article class=\"creativesplanet-ele creativesplanet-ele-team cspt-team-style-1\">\n\t<div class=\"creativesplanet-post-item\">\n\t\t<div class=\"creativesplanet-team-image-box\">\n\t\t\t<div class=\"cspt-featured-wrapper\"><a href=\"https:\/\/www.uhk.org.tr\/tr\/team-member\/mustafa-nuri-comu\/\"><img loading=\"lazy\" decoding=\"async\" width=\"500\" height=\"500\" src=\"https:\/\/www.uhk.org.tr\/tr\/wp-content\/uploads\/2020\/05\/bos.jpg\" class=\"attachment-cspt-img-500x580 size-cspt-img-500x580 wp-post-image\" alt=\"\" srcset=\"https:\/\/www.uhk.org.tr\/tr\/wp-content\/uploads\/2020\/05\/bos.jpg 500w, https:\/\/www.uhk.org.tr\/tr\/wp-content\/uploads\/2020\/05\/bos-150x150.jpg 150w, https:\/\/www.uhk.org.tr\/tr\/wp-content\/uploads\/2020\/05\/bos-300x300.jpg 300w\" sizes=\"auto, (max-width: 500px) 100vw, 500px\" data-id=\"14028\" \/><\/a><\/div>\t\t<\/div>\n\t\t<div class=\"creativesplanet-box-content\">\n\t\t\t<div class=\"creativesplanet-box-content-inner\">\t\t\t\t\n\t\t\t\t<div class=\"creativesplanet-box-team-position\">\n\t\t\t\t\t\t\t<div class=\"creativesplanet-box-team-position\">Genel Kurul \u00dcyesi<\/div>\n\t\t\t\t\t\t<\/div>\n\t\t\t\t<h3 class=\"cspt-team-title\"><a href=\"https:\/\/www.uhk.org.tr\/tr\/team-member\/mustafa-nuri-comu\/\">Mustafa Nuri \u00c7omu<\/a><\/h3>\n\t\t\t<\/div>\n\t\t\t<div class=\"creativesplanet-box-social-links\"><ul class=\"cspt-social-links cspt-team-social-links\"><li class=\"cspt-social-li cspt-social-twitter\"><a href=\"https:\/\/twitter.com\/UHKonseyi\" title=\"Twitter\" target=\"_blank\"><span><i class=\"cspt-base-icon-twitter\"><\/i><\/span><\/a><\/li><\/ul><\/div>\n\t\t<\/div>\n\t<\/div>\n<\/article><\/div><div class=\"cspt-ele cspt-team-ele col-md-4 \"><article class=\"creativesplanet-ele creativesplanet-ele-team cspt-team-style-1\">\n\t<div class=\"creativesplanet-post-item\">\n\t\t<div class=\"creativesplanet-team-image-box\">\n\t\t\t<div class=\"cspt-featured-wrapper\"><a href=\"https:\/\/www.uhk.org.tr\/tr\/team-member\/12\/\"><img loading=\"lazy\" decoding=\"async\" width=\"500\" height=\"500\" src=\"https:\/\/www.uhk.org.tr\/tr\/wp-content\/uploads\/2020\/05\/bos.jpg\" class=\"attachment-cspt-img-500x580 size-cspt-img-500x580 wp-post-image\" alt=\"\" srcset=\"https:\/\/www.uhk.org.tr\/tr\/wp-content\/uploads\/2020\/05\/bos.jpg 500w, https:\/\/www.uhk.org.tr\/tr\/wp-content\/uploads\/2020\/05\/bos-150x150.jpg 150w, https:\/\/www.uhk.org.tr\/tr\/wp-content\/uploads\/2020\/05\/bos-300x300.jpg 300w\" sizes=\"auto, (max-width: 500px) 100vw, 500px\" data-id=\"14028\" \/><\/a><\/div>\t\t<\/div>\n\t\t<div class=\"creativesplanet-box-content\">\n\t\t\t<div class=\"creativesplanet-box-content-inner\">\t\t\t\t\n\t\t\t\t<div class=\"creativesplanet-box-team-position\">\n\t\t\t\t\t\t\t<div class=\"creativesplanet-box-team-position\">Genel Kurul \u00dcyesi<\/div>\n\t\t\t\t\t\t<\/div>\n\t\t\t\t<h3 class=\"cspt-team-title\"><a href=\"https:\/\/www.uhk.org.tr\/tr\/team-member\/12\/\">Kamil Adem<\/a><\/h3>\n\t\t\t<\/div>\n\t\t\t<div class=\"creativesplanet-box-social-links\"><ul class=\"cspt-social-links cspt-team-social-links\"><li class=\"cspt-social-li cspt-social-twitter\"><a href=\"https:\/\/twitter.com\/UHKonseyi\" title=\"Twitter\" target=\"_blank\"><span><i class=\"cspt-base-icon-twitter\"><\/i><\/span><\/a><\/li><\/ul><\/div>\n\t\t<\/div>\n\t<\/div>\n<\/article><\/div><div class=\"cspt-ele cspt-team-ele col-md-4 \"><article class=\"creativesplanet-ele creativesplanet-ele-team cspt-team-style-1\">\n\t<div class=\"creativesplanet-post-item\">\n\t\t<div class=\"creativesplanet-team-image-box\">\n\t\t\t<div class=\"cspt-featured-wrapper\"><a href=\"https:\/\/www.uhk.org.tr\/tr\/team-member\/prof-dr-s-ahmet-bagci\/\"><img loading=\"lazy\" decoding=\"async\" width=\"500\" height=\"500\" src=\"https:\/\/www.uhk.org.tr\/tr\/wp-content\/uploads\/2020\/05\/bos.jpg\" class=\"attachment-cspt-img-500x580 size-cspt-img-500x580 wp-post-image\" alt=\"\" srcset=\"https:\/\/www.uhk.org.tr\/tr\/wp-content\/uploads\/2020\/05\/bos.jpg 500w, https:\/\/www.uhk.org.tr\/tr\/wp-content\/uploads\/2020\/05\/bos-150x150.jpg 150w, https:\/\/www.uhk.org.tr\/tr\/wp-content\/uploads\/2020\/05\/bos-300x300.jpg 300w\" sizes=\"auto, (max-width: 500px) 100vw, 500px\" data-id=\"14028\" \/><\/a><\/div>\t\t<\/div>\n\t\t<div class=\"creativesplanet-box-content\">\n\t\t\t<div class=\"creativesplanet-box-content-inner\">\t\t\t\t\n\t\t\t\t<div class=\"creativesplanet-box-team-position\">\n\t\t\t\t\t\t\t<div class=\"creativesplanet-box-team-position\">Genel Kurul \u00dcyesi<\/div>\n\t\t\t\t\t\t<\/div>\n\t\t\t\t<h3 class=\"cspt-team-title\"><a href=\"https:\/\/www.uhk.org.tr\/tr\/team-member\/prof-dr-s-ahmet-bagci\/\">Prof. Dr. S. Ahmet Ba\u011fc\u0131<\/a><\/h3>\n\t\t\t<\/div>\n\t\t\t<div class=\"creativesplanet-box-social-links\"><ul class=\"cspt-social-links cspt-team-social-links\"><li class=\"cspt-social-li cspt-social-twitter\"><a href=\"https:\/\/twitter.com\/UHKonseyi\" title=\"Twitter\" target=\"_blank\"><span><i class=\"cspt-base-icon-twitter\"><\/i><\/span><\/a><\/li><\/ul><\/div>\n\t\t<\/div>\n\t<\/div>\n<\/article><\/div><\/div><\/div><!-- .creativesplanet-element-inner -->   <\/div><!-- .creativesplanet-element -->  [\/vc_column][\/vc_row]<\/p>\n","protected":false},"excerpt":{"rendered":"<p>[vc_row cspt-bg-color=&#8221;white&#8221;][vc_column][\/vc_column][\/vc_row]<\/p>\n","protected":false},"author":1,"featured_media":0,"parent":0,"menu_order":0,"comment_status":"closed","ping_status":"closed","template":"","meta":{"_acf_changed":false,"footnotes":""},"class_list":["post-14031","page","type-page","status-publish","hentry"],"acf":[],"_links":{"self":[{"href":"https:\/\/www.uhk.org.tr\/tr\/wp-json\/wp\/v2\/pages\/14031","targetHints":{"allow":["GET"]}}],"collection":[{"href":"https:\/\/www.uhk.org.tr\/tr\/wp-json\/wp\/v2\/pages"}],"about":[{"href":"https:\/\/www.uhk.org.tr\/tr\/wp-json\/wp\/v2\/types\/page"}],"author":[{"embeddable":true,"href":"https:\/\/www.uhk.org.tr\/tr\/wp-json\/wp\/v2\/users\/1"}],"replies":[{"embeddable":true,"href":"https:\/\/www.uhk.org.tr\/tr\/wp-json\/wp\/v2\/comments?post=14031"}],"version-history":[{"count":4,"href":"https:\/\/www.uhk.org.tr\/tr\/wp-json\/wp\/v2\/pages\/14031\/revisions"}],"predecessor-version":[{"id":15072,"href":"https:\/\/www.uhk.org.tr\/tr\/wp-json\/wp\/v2\/pages\/14031\/revisions\/15072"}],"wp:attachment":[{"href":"https:\/\/www.uhk.org.tr\/tr\/wp-json\/wp\/v2\/media?parent=14031"}],"curies":[{"name":"wp","href":"https:\/\/api.w.org\/{rel}","templated":true}]}}