{"id":10425,"date":"2019-06-18T08:59:09","date_gmt":"2019-06-18T08:59:09","guid":{"rendered":"http:\/\/emphires-demo.creativesplanet.com\/nutrition\/?page_id=10425"},"modified":"2020-05-25T15:35:44","modified_gmt":"2020-05-25T15:35:44","slug":"yonetim","status":"publish","type":"page","link":"https:\/\/www.uhk.org.tr\/tr\/yonetim\/","title":{"rendered":"Y\u00f6netim Kurulu"},"content":{"rendered":"<p>[vc_row cspt-bg-color=&#8221;white&#8221;][vc_column]<div  class=\"creativesplanet-element creativesplanet-element-team cspt-element-team-style-1 creativesplanet-element-viewtype-row-column cspt-sortable-no\" data-show=\"-1\" data-columns=\"3\" data-loop=\"false\" data-autoplay=\"false\" data-center=\"false\" data-nav=\"false\" data-dots=\"false\" data-autoplayspeed=\"1000\" data-margin=\"\"><div class=\"creativesplanet-element-inner\"><div class=\"cspt-element-posts-wrapper row multi-columns-row\"><div class=\"cspt-ele cspt-team-ele col-md-4 \"><article class=\"creativesplanet-ele creativesplanet-ele-team cspt-team-style-1\">\n\t<div class=\"creativesplanet-post-item\">\n\t\t<div class=\"creativesplanet-team-image-box\">\n\t\t\t<div class=\"cspt-featured-wrapper\"><a href=\"https:\/\/www.uhk.org.tr\/tr\/team-member\/yasar-serpi\/\"><img loading=\"lazy\" decoding=\"async\" width=\"500\" height=\"500\" src=\"https:\/\/www.uhk.org.tr\/tr\/wp-content\/uploads\/2020\/01\/yasarserpi.jpg\" class=\"attachment-cspt-img-500x580 size-cspt-img-500x580 wp-post-image\" alt=\"\" srcset=\"https:\/\/www.uhk.org.tr\/tr\/wp-content\/uploads\/2020\/01\/yasarserpi.jpg 500w, https:\/\/www.uhk.org.tr\/tr\/wp-content\/uploads\/2020\/01\/yasarserpi-150x150.jpg 150w, https:\/\/www.uhk.org.tr\/tr\/wp-content\/uploads\/2020\/01\/yasarserpi-300x300.jpg 300w\" sizes=\"auto, (max-width: 500px) 100vw, 500px\" data-id=\"14013\" \/><\/a><\/div>\t\t<\/div>\n\t\t<div class=\"creativesplanet-box-content\">\n\t\t\t<div class=\"creativesplanet-box-content-inner\">\t\t\t\t\n\t\t\t\t<div class=\"creativesplanet-box-team-position\">\n\t\t\t\t\t\t\t<div class=\"creativesplanet-box-team-position\">Y\u00f6netim Kurulu Ba\u015fkan\u0131<\/div>\n\t\t\t\t\t\t<\/div>\n\t\t\t\t<h3 class=\"cspt-team-title\"><a href=\"https:\/\/www.uhk.org.tr\/tr\/team-member\/yasar-serpi\/\">Ya\u015far Serpi<\/a><\/h3>\n\t\t\t<\/div>\n\t\t\t<div class=\"creativesplanet-box-social-links\"><ul class=\"cspt-social-links cspt-team-social-links\"><li class=\"cspt-social-li cspt-social-twitter\"><a href=\"https:\/\/twitter.com\/UHKonseyi\" title=\"Twitter\" target=\"_blank\"><span><i class=\"cspt-base-icon-twitter\"><\/i><\/span><\/a><\/li><\/ul><\/div>\n\t\t<\/div>\n\t<\/div>\n<\/article><\/div><div class=\"cspt-ele cspt-team-ele col-md-4 \"><article class=\"creativesplanet-ele creativesplanet-ele-team cspt-team-style-1\">\n\t<div class=\"creativesplanet-post-item\">\n\t\t<div class=\"creativesplanet-team-image-box\">\n\t\t\t<div class=\"cspt-featured-wrapper\"><a href=\"https:\/\/www.uhk.org.tr\/tr\/team-member\/selcuk-aydinalp\/\"><img loading=\"lazy\" decoding=\"async\" width=\"500\" height=\"500\" src=\"https:\/\/www.uhk.org.tr\/tr\/wp-content\/uploads\/2020\/05\/selcukaydinalp.jpg\" class=\"attachment-cspt-img-500x580 size-cspt-img-500x580 wp-post-image\" alt=\"\" srcset=\"https:\/\/www.uhk.org.tr\/tr\/wp-content\/uploads\/2020\/05\/selcukaydinalp.jpg 500w, https:\/\/www.uhk.org.tr\/tr\/wp-content\/uploads\/2020\/05\/selcukaydinalp-150x150.jpg 150w, https:\/\/www.uhk.org.tr\/tr\/wp-content\/uploads\/2020\/05\/selcukaydinalp-300x300.jpg 300w\" sizes=\"auto, (max-width: 500px) 100vw, 500px\" data-id=\"14030\" \/><\/a><\/div>\t\t<\/div>\n\t\t<div class=\"creativesplanet-box-content\">\n\t\t\t<div class=\"creativesplanet-box-content-inner\">\t\t\t\t\n\t\t\t\t<div class=\"creativesplanet-box-team-position\">\n\t\t\t\t\t\t\t<div class=\"creativesplanet-box-team-position\">Y\u00f6netim Kurulu Ba\u015fkan Yrd.<\/div>\n\t\t\t\t\t\t<\/div>\n\t\t\t\t<h3 class=\"cspt-team-title\"><a href=\"https:\/\/www.uhk.org.tr\/tr\/team-member\/selcuk-aydinalp\/\">Sel\u00e7uk Ayd\u0131nalp<\/a><\/h3>\n\t\t\t<\/div>\n\t\t\t<div class=\"creativesplanet-box-social-links\"><ul class=\"cspt-social-links cspt-team-social-links\"><li class=\"cspt-social-li cspt-social-twitter\"><a href=\"https:\/\/twitter.com\/UHKonseyi\" title=\"Twitter\" target=\"_blank\"><span><i class=\"cspt-base-icon-twitter\"><\/i><\/span><\/a><\/li><\/ul><\/div>\n\t\t<\/div>\n\t<\/div>\n<\/article><\/div><div class=\"cspt-ele cspt-team-ele col-md-4 \"><article class=\"creativesplanet-ele creativesplanet-ele-team cspt-team-style-1\">\n\t<div class=\"creativesplanet-post-item\">\n\t\t<div class=\"creativesplanet-team-image-box\">\n\t\t\t<div class=\"cspt-featured-wrapper\"><a href=\"https:\/\/www.uhk.org.tr\/tr\/team-member\/mehmet-buyukalim\/\"><img loading=\"lazy\" decoding=\"async\" width=\"500\" height=\"500\" src=\"https:\/\/www.uhk.org.tr\/tr\/wp-content\/uploads\/2019\/05\/mehmetbuyukalim1.jpg\" class=\"attachment-cspt-img-500x580 size-cspt-img-500x580 wp-post-image\" alt=\"\" srcset=\"https:\/\/www.uhk.org.tr\/tr\/wp-content\/uploads\/2019\/05\/mehmetbuyukalim1.jpg 500w, https:\/\/www.uhk.org.tr\/tr\/wp-content\/uploads\/2019\/05\/mehmetbuyukalim1-300x300.jpg 300w, https:\/\/www.uhk.org.tr\/tr\/wp-content\/uploads\/2019\/05\/mehmetbuyukalim1-150x150.jpg 150w\" sizes=\"auto, (max-width: 500px) 100vw, 500px\" data-id=\"15067\" \/><\/a><\/div>\t\t<\/div>\n\t\t<div class=\"creativesplanet-box-content\">\n\t\t\t<div class=\"creativesplanet-box-content-inner\">\t\t\t\t\n\t\t\t\t<div class=\"creativesplanet-box-team-position\">\n\t\t\t\t\t\t\t<div class=\"creativesplanet-box-team-position\">Y\u00f6netim Kurulu Muhasip \u00dcye<\/div>\n\t\t\t\t\t\t<\/div>\n\t\t\t\t<h3 class=\"cspt-team-title\"><a href=\"https:\/\/www.uhk.org.tr\/tr\/team-member\/mehmet-buyukalim\/\">Mehmet B\u00fcy\u00fckalim<\/a><\/h3>\n\t\t\t<\/div>\n\t\t\t<div class=\"creativesplanet-box-social-links\"><ul class=\"cspt-social-links cspt-team-social-links\"><li class=\"cspt-social-li cspt-social-twitter\"><a href=\"https:\/\/twitter.com\/UHKonseyi\" title=\"Twitter\" target=\"_blank\"><span><i class=\"cspt-base-icon-twitter\"><\/i><\/span><\/a><\/li><\/ul><\/div>\n\t\t<\/div>\n\t<\/div>\n<\/article><\/div><div class=\"cspt-ele cspt-team-ele col-md-4 \"><article class=\"creativesplanet-ele creativesplanet-ele-team cspt-team-style-1\">\n\t<div class=\"creativesplanet-post-item\">\n\t\t<div class=\"creativesplanet-team-image-box\">\n\t\t\t<div class=\"cspt-featured-wrapper\"><a href=\"https:\/\/www.uhk.org.tr\/tr\/team-member\/prof-dr-mehmet-hamurcu\/\"><img loading=\"lazy\" decoding=\"async\" width=\"520\" height=\"520\" src=\"https:\/\/www.uhk.org.tr\/tr\/wp-content\/uploads\/2019\/03\/mehmet-hamurcu.jpg\" class=\"attachment-cspt-img-500x580 size-cspt-img-500x580 wp-post-image\" alt=\"\" srcset=\"https:\/\/www.uhk.org.tr\/tr\/wp-content\/uploads\/2019\/03\/mehmet-hamurcu.jpg 520w, https:\/\/www.uhk.org.tr\/tr\/wp-content\/uploads\/2019\/03\/mehmet-hamurcu-300x300.jpg 300w, https:\/\/www.uhk.org.tr\/tr\/wp-content\/uploads\/2019\/03\/mehmet-hamurcu-150x150.jpg 150w\" sizes=\"auto, (max-width: 520px) 100vw, 520px\" data-id=\"15068\" \/><\/a><\/div>\t\t<\/div>\n\t\t<div class=\"creativesplanet-box-content\">\n\t\t\t<div class=\"creativesplanet-box-content-inner\">\t\t\t\t\n\t\t\t\t<div class=\"creativesplanet-box-team-position\">\n\t\t\t\t\t\t\t<div class=\"creativesplanet-box-team-position\">Y\u00f6netim Kurulu \u00dcyesi<\/div>\n\t\t\t\t\t\t<\/div>\n\t\t\t\t<h3 class=\"cspt-team-title\"><a href=\"https:\/\/www.uhk.org.tr\/tr\/team-member\/prof-dr-mehmet-hamurcu\/\">Prof. Dr. Mehmet Hamurcu<\/a><\/h3>\n\t\t\t<\/div>\n\t\t\t<div class=\"creativesplanet-box-social-links\"><ul class=\"cspt-social-links cspt-team-social-links\"><li class=\"cspt-social-li cspt-social-twitter\"><a href=\"https:\/\/twitter.com\/UHKonseyi\" title=\"Twitter\" target=\"_blank\"><span><i class=\"cspt-base-icon-twitter\"><\/i><\/span><\/a><\/li><\/ul><\/div>\n\t\t<\/div>\n\t<\/div>\n<\/article><\/div><div class=\"cspt-ele cspt-team-ele col-md-4 \"><article class=\"creativesplanet-ele creativesplanet-ele-team cspt-team-style-1\">\n\t<div class=\"creativesplanet-post-item\">\n\t\t<div class=\"creativesplanet-team-image-box\">\n\t\t\t<div class=\"cspt-featured-wrapper\"><a href=\"https:\/\/www.uhk.org.tr\/tr\/team-member\/mehmet-tabur\/\"><img loading=\"lazy\" decoding=\"async\" width=\"500\" height=\"500\" src=\"https:\/\/www.uhk.org.tr\/tr\/wp-content\/uploads\/2019\/05\/mehmettabur.jpg\" class=\"attachment-cspt-img-500x580 size-cspt-img-500x580 wp-post-image\" alt=\"\" srcset=\"https:\/\/www.uhk.org.tr\/tr\/wp-content\/uploads\/2019\/05\/mehmettabur.jpg 500w, https:\/\/www.uhk.org.tr\/tr\/wp-content\/uploads\/2019\/05\/mehmettabur-150x150.jpg 150w, https:\/\/www.uhk.org.tr\/tr\/wp-content\/uploads\/2019\/05\/mehmettabur-300x300.jpg 300w\" sizes=\"auto, (max-width: 500px) 100vw, 500px\" data-id=\"14018\" \/><\/a><\/div>\t\t<\/div>\n\t\t<div class=\"creativesplanet-box-content\">\n\t\t\t<div class=\"creativesplanet-box-content-inner\">\t\t\t\t\n\t\t\t\t<div class=\"creativesplanet-box-team-position\">\n\t\t\t\t\t\t\t<div class=\"creativesplanet-box-team-position\">Y\u00f6netim Kurulu \u00dcyesi<\/div>\n\t\t\t\t\t\t<\/div>\n\t\t\t\t<h3 class=\"cspt-team-title\"><a href=\"https:\/\/www.uhk.org.tr\/tr\/team-member\/mehmet-tabur\/\">Mehmet Tabur<\/a><\/h3>\n\t\t\t<\/div>\n\t\t\t<div class=\"creativesplanet-box-social-links\"><ul class=\"cspt-social-links cspt-team-social-links\"><li class=\"cspt-social-li cspt-social-twitter\"><a href=\"https:\/\/twitter.com\/UHKonseyi\" title=\"Twitter\" target=\"_blank\"><span><i class=\"cspt-base-icon-twitter\"><\/i><\/span><\/a><\/li><\/ul><\/div>\n\t\t<\/div>\n\t<\/div>\n<\/article><\/div><div class=\"cspt-ele cspt-team-ele col-md-4 \"><article class=\"creativesplanet-ele creativesplanet-ele-team cspt-team-style-1\">\n\t<div class=\"creativesplanet-post-item\">\n\t\t<div class=\"creativesplanet-team-image-box\">\n\t\t\t<div class=\"cspt-featured-wrapper\"><a href=\"https:\/\/www.uhk.org.tr\/tr\/team-member\/murat-bertan\/\"><img loading=\"lazy\" decoding=\"async\" width=\"500\" height=\"500\" src=\"https:\/\/www.uhk.org.tr\/tr\/wp-content\/uploads\/2019\/03\/muradbertan.jpg\" class=\"attachment-cspt-img-500x580 size-cspt-img-500x580 wp-post-image\" alt=\"\" srcset=\"https:\/\/www.uhk.org.tr\/tr\/wp-content\/uploads\/2019\/03\/muradbertan.jpg 500w, https:\/\/www.uhk.org.tr\/tr\/wp-content\/uploads\/2019\/03\/muradbertan-150x150.jpg 150w, https:\/\/www.uhk.org.tr\/tr\/wp-content\/uploads\/2019\/03\/muradbertan-300x300.jpg 300w\" sizes=\"auto, (max-width: 500px) 100vw, 500px\" data-id=\"14553\" \/><\/a><\/div>\t\t<\/div>\n\t\t<div class=\"creativesplanet-box-content\">\n\t\t\t<div class=\"creativesplanet-box-content-inner\">\t\t\t\t\n\t\t\t\t<div class=\"creativesplanet-box-team-position\">\n\t\t\t\t\t\t\t<div class=\"creativesplanet-box-team-position\">Y\u00f6netim Kurulu \u00dcyesi<\/div>\n\t\t\t\t\t\t<\/div>\n\t\t\t\t<h3 class=\"cspt-team-title\"><a href=\"https:\/\/www.uhk.org.tr\/tr\/team-member\/murat-bertan\/\">Murat Bertan<\/a><\/h3>\n\t\t\t<\/div>\n\t\t\t<div class=\"creativesplanet-box-social-links\"><ul class=\"cspt-social-links cspt-team-social-links\"><li class=\"cspt-social-li cspt-social-twitter\"><a href=\"https:\/\/twitter.com\/UHKonseyi\" title=\"Twitter\" target=\"_blank\"><span><i class=\"cspt-base-icon-twitter\"><\/i><\/span><\/a><\/li><\/ul><\/div>\n\t\t<\/div>\n\t<\/div>\n<\/article><\/div><div class=\"cspt-ele cspt-team-ele col-md-4 \"><article class=\"creativesplanet-ele creativesplanet-ele-team cspt-team-style-1\">\n\t<div class=\"creativesplanet-post-item\">\n\t\t<div class=\"creativesplanet-team-image-box\">\n\t\t\t<div class=\"cspt-featured-wrapper\"><a href=\"https:\/\/www.uhk.org.tr\/tr\/team-member\/hasan-gumus\/\"><img loading=\"lazy\" decoding=\"async\" width=\"500\" height=\"500\" src=\"https:\/\/www.uhk.org.tr\/tr\/wp-content\/uploads\/2019\/03\/gumus.jpg\" class=\"attachment-cspt-img-500x580 size-cspt-img-500x580 wp-post-image\" alt=\"\" srcset=\"https:\/\/www.uhk.org.tr\/tr\/wp-content\/uploads\/2019\/03\/gumus.jpg 500w, https:\/\/www.uhk.org.tr\/tr\/wp-content\/uploads\/2019\/03\/gumus-150x150.jpg 150w, https:\/\/www.uhk.org.tr\/tr\/wp-content\/uploads\/2019\/03\/gumus-300x300.jpg 300w\" sizes=\"auto, (max-width: 500px) 100vw, 500px\" data-id=\"14555\" \/><\/a><\/div>\t\t<\/div>\n\t\t<div class=\"creativesplanet-box-content\">\n\t\t\t<div class=\"creativesplanet-box-content-inner\">\t\t\t\t\n\t\t\t\t<div class=\"creativesplanet-box-team-position\">\n\t\t\t\t\t\t\t<div class=\"creativesplanet-box-team-position\">Y\u00f6netim Kurulu \u00dcyesi<\/div>\n\t\t\t\t\t\t<\/div>\n\t\t\t\t<h3 class=\"cspt-team-title\"><a href=\"https:\/\/www.uhk.org.tr\/tr\/team-member\/hasan-gumus\/\">Hasan G\u00fcm\u00fc\u015f<\/a><\/h3>\n\t\t\t<\/div>\n\t\t\t<div class=\"creativesplanet-box-social-links\"><\/div>\n\t\t<\/div>\n\t<\/div>\n<\/article><\/div><div class=\"cspt-ele cspt-team-ele col-md-4 \"><article class=\"creativesplanet-ele creativesplanet-ele-team cspt-team-style-1\">\n\t<div class=\"creativesplanet-post-item\">\n\t\t<div class=\"creativesplanet-team-image-box\">\n\t\t\t<div class=\"cspt-featured-wrapper\"><a href=\"https:\/\/www.uhk.org.tr\/tr\/team-member\/hamit-tezcan\/\"><img loading=\"lazy\" decoding=\"async\" width=\"520\" height=\"520\" src=\"https:\/\/www.uhk.org.tr\/tr\/wp-content\/uploads\/2019\/03\/hamit-tezcan-pDCM.jpg\" class=\"attachment-cspt-img-500x580 size-cspt-img-500x580 wp-post-image\" alt=\"\" srcset=\"https:\/\/www.uhk.org.tr\/tr\/wp-content\/uploads\/2019\/03\/hamit-tezcan-pDCM.jpg 520w, https:\/\/www.uhk.org.tr\/tr\/wp-content\/uploads\/2019\/03\/hamit-tezcan-pDCM-300x300.jpg 300w, https:\/\/www.uhk.org.tr\/tr\/wp-content\/uploads\/2019\/03\/hamit-tezcan-pDCM-150x150.jpg 150w\" sizes=\"auto, (max-width: 520px) 100vw, 520px\" data-id=\"15069\" \/><\/a><\/div>\t\t<\/div>\n\t\t<div class=\"creativesplanet-box-content\">\n\t\t\t<div class=\"creativesplanet-box-content-inner\">\t\t\t\t\n\t\t\t\t<div class=\"creativesplanet-box-team-position\">\n\t\t\t\t\t\t\t<div class=\"creativesplanet-box-team-position\">Y\u00f6netim Kurulu \u00dcyesi<\/div>\n\t\t\t\t\t\t<\/div>\n\t\t\t\t<h3 class=\"cspt-team-title\"><a href=\"https:\/\/www.uhk.org.tr\/tr\/team-member\/hamit-tezcan\/\">Hamit Tezcan<\/a><\/h3>\n\t\t\t<\/div>\n\t\t\t<div class=\"creativesplanet-box-social-links\"><ul class=\"cspt-social-links cspt-team-social-links\"><li class=\"cspt-social-li cspt-social-twitter\"><a href=\"https:\/\/twitter.com\/UHKonseyi\" title=\"Twitter\" target=\"_blank\"><span><i class=\"cspt-base-icon-twitter\"><\/i><\/span><\/a><\/li><\/ul><\/div>\n\t\t<\/div>\n\t<\/div>\n<\/article><\/div><div class=\"cspt-ele cspt-team-ele col-md-4 \"><article class=\"creativesplanet-ele creativesplanet-ele-team cspt-team-style-1\">\n\t<div class=\"creativesplanet-post-item\">\n\t\t<div class=\"creativesplanet-team-image-box\">\n\t\t\t<div class=\"cspt-featured-wrapper\"><a href=\"https:\/\/www.uhk.org.tr\/tr\/team-member\/mehmet-ekici\/\"><img loading=\"lazy\" decoding=\"async\" width=\"464\" height=\"464\" src=\"https:\/\/www.uhk.org.tr\/tr\/wp-content\/uploads\/2019\/03\/mehmetekici.png\" class=\"attachment-cspt-img-500x580 size-cspt-img-500x580 wp-post-image\" alt=\"\" srcset=\"https:\/\/www.uhk.org.tr\/tr\/wp-content\/uploads\/2019\/03\/mehmetekici.png 464w, https:\/\/www.uhk.org.tr\/tr\/wp-content\/uploads\/2019\/03\/mehmetekici-300x300.png 300w, https:\/\/www.uhk.org.tr\/tr\/wp-content\/uploads\/2019\/03\/mehmetekici-150x150.png 150w\" sizes=\"auto, (max-width: 464px) 100vw, 464px\" data-id=\"15208\" \/><\/a><\/div>\t\t<\/div>\n\t\t<div class=\"creativesplanet-box-content\">\n\t\t\t<div class=\"creativesplanet-box-content-inner\">\t\t\t\t\n\t\t\t\t<div class=\"creativesplanet-box-team-position\">\n\t\t\t\t\t\t\t<div class=\"creativesplanet-box-team-position\">Y\u00f6netim Kurulu \u00dcyesi<\/div>\n\t\t\t\t\t\t<\/div>\n\t\t\t\t<h3 class=\"cspt-team-title\"><a href=\"https:\/\/www.uhk.org.tr\/tr\/team-member\/mehmet-ekici\/\">Mehmet Ekici<\/a><\/h3>\n\t\t\t<\/div>\n\t\t\t<div class=\"creativesplanet-box-social-links\"><ul class=\"cspt-social-links cspt-team-social-links\"><li class=\"cspt-social-li cspt-social-twitter\"><a href=\"https:\/\/twitter.com\/UHKonseyi\" title=\"Twitter\" target=\"_blank\"><span><i class=\"cspt-base-icon-twitter\"><\/i><\/span><\/a><\/li><\/ul><\/div>\n\t\t<\/div>\n\t<\/div>\n<\/article><\/div><\/div><\/div><!-- .creativesplanet-element-inner -->   <\/div><!-- .creativesplanet-element -->  [\/vc_column][\/vc_row]<\/p>\n","protected":false},"excerpt":{"rendered":"<p>[vc_row cspt-bg-color=&#8221;white&#8221;][vc_column][\/vc_column][\/vc_row]<\/p>\n","protected":false},"author":1,"featured_media":0,"parent":0,"menu_order":10,"comment_status":"closed","ping_status":"closed","template":"","meta":{"_acf_changed":false,"footnotes":""},"class_list":["post-10425","page","type-page","status-publish","hentry"],"acf":[],"_links":{"self":[{"href":"https:\/\/www.uhk.org.tr\/tr\/wp-json\/wp\/v2\/pages\/10425","targetHints":{"allow":["GET"]}}],"collection":[{"href":"https:\/\/www.uhk.org.tr\/tr\/wp-json\/wp\/v2\/pages"}],"about":[{"href":"https:\/\/www.uhk.org.tr\/tr\/wp-json\/wp\/v2\/types\/page"}],"author":[{"embeddable":true,"href":"https:\/\/www.uhk.org.tr\/tr\/wp-json\/wp\/v2\/users\/1"}],"replies":[{"embeddable":true,"href":"https:\/\/www.uhk.org.tr\/tr\/wp-json\/wp\/v2\/comments?post=10425"}],"version-history":[{"count":5,"href":"https:\/\/www.uhk.org.tr\/tr\/wp-json\/wp\/v2\/pages\/10425\/revisions"}],"predecessor-version":[{"id":14034,"href":"https:\/\/www.uhk.org.tr\/tr\/wp-json\/wp\/v2\/pages\/10425\/revisions\/14034"}],"wp:attachment":[{"href":"https:\/\/www.uhk.org.tr\/tr\/wp-json\/wp\/v2\/media?parent=10425"}],"curies":[{"name":"wp","href":"https:\/\/api.w.org\/{rel}","templated":true}]}}